{"id":5453,"date":"2024-05-15T18:00:05","date_gmt":"2024-05-15T21:00:05","guid":{"rendered":"https:\/\/grupofenix.info\/?post_type=product&#038;p=5453"},"modified":"2024-07-19T11:48:20","modified_gmt":"2024-07-19T14:48:20","slug":"permanente","status":"publish","type":"product","link":"https:\/\/grupofenix.info\/index.php\/product\/permanente\/","title":{"rendered":"PERMANENTE"},"content":{"rendered":"<p>Rosas brancas, l\u00edrios asi\u00e1ticos, cris\u00e2ntemos e mini cravos s\u00e3o artisticamente arranjados com folhas de palmeira esmeralda e verdes exuberantes. Acentuado por uma fita de cetim branca e apoiado em um cavalete, este spray de p\u00e9 \u00e9 uma excelente forma de homenagear a vida de seu ente querido.<\/p>\n","protected":false},"excerpt":{"rendered":"<p>Nosso Spray Permanente \u00e9 uma demonstra\u00e7\u00e3o elegante de doce serenidade.<\/p>\n","protected":false},"featured_media":5483,"comment_status":"open","ping_status":"closed","template":"","meta":[],"product_cat":[92],"product_tag":[93],"class_list":{"0":"post-5453","1":"product","2":"type-product","3":"status-publish","4":"has-post-thumbnail","6":"product_cat-spray","7":"product_tag-spray","9":"first","10":"instock","11":"taxable","12":"shipping-taxable","13":"purchasable","14":"product-type-simple"},"_links":{"self":[{"href":"https:\/\/grupofenix.info\/index.php\/wp-json\/wp\/v2\/product\/5453","targetHints":{"allow":["GET"]}}],"collection":[{"href":"https:\/\/grupofenix.info\/index.php\/wp-json\/wp\/v2\/product"}],"about":[{"href":"https:\/\/grupofenix.info\/index.php\/wp-json\/wp\/v2\/types\/product"}],"replies":[{"embeddable":true,"href":"https:\/\/grupofenix.info\/index.php\/wp-json\/wp\/v2\/comments?post=5453"}],"version-history":[{"count":3,"href":"https:\/\/grupofenix.info\/index.php\/wp-json\/wp\/v2\/product\/5453\/revisions"}],"predecessor-version":[{"id":5506,"href":"https:\/\/grupofenix.info\/index.php\/wp-json\/wp\/v2\/product\/5453\/revisions\/5506"}],"wp:featuredmedia":[{"embeddable":true,"href":"https:\/\/grupofenix.info\/index.php\/wp-json\/wp\/v2\/media\/5483"}],"wp:attachment":[{"href":"https:\/\/grupofenix.info\/index.php\/wp-json\/wp\/v2\/media?parent=5453"}],"wp:term":[{"taxonomy":"product_cat","embeddable":true,"href":"https:\/\/grupofenix.info\/index.php\/wp-json\/wp\/v2\/product_cat?post=5453"},{"taxonomy":"product_tag","embeddable":true,"href":"https:\/\/grupofenix.info\/index.php\/wp-json\/wp\/v2\/product_tag?post=5453"}],"curies":[{"name":"wp","href":"https:\/\/api.w.org\/{rel}","templated":true}]}}