{"id":5451,"date":"2024-05-15T18:00:05","date_gmt":"2024-05-15T21:00:05","guid":{"rendered":"https:\/\/grupofenix.info\/?post_type=product&#038;p=5451"},"modified":"2024-07-19T11:47:37","modified_gmt":"2024-07-19T14:47:37","slug":"graa-eterna","status":"publish","type":"product","link":"https:\/\/grupofenix.info\/index.php\/product\/graa-eterna\/","title":{"rendered":"GRA\u00c7A ETERNA"},"content":{"rendered":"<p>Este spray sereno inclui hort\u00eansia azul, rosas creme, l\u00edrios asi\u00e1ticos brancos, astrometria branca, sinos da Irlanda, delf\u00ednio azul, snapdragons brancos, murta, samambaia-espada, samambaia de folha de couro, eucalipto espiral e pittosporum variegado.<\/p>\n","protected":false},"excerpt":{"rendered":"<p>Uma comovente demonstra\u00e7\u00e3o de devo\u00e7\u00e3o, este ramo pac\u00edfico de flores brancas e azuis claras \u00e9 acompanhado por uma elegante cruz de cristal que ser\u00e1 apreciada por muitos anos.<\/p>\n","protected":false},"featured_media":5484,"comment_status":"open","ping_status":"closed","template":"","meta":[],"product_cat":[92],"product_tag":[93],"class_list":{"0":"post-5451","1":"product","2":"type-product","3":"status-publish","4":"has-post-thumbnail","6":"product_cat-spray","7":"product_tag-spray","9":"first","10":"instock","11":"taxable","12":"shipping-taxable","13":"purchasable","14":"product-type-simple"},"_links":{"self":[{"href":"https:\/\/grupofenix.info\/index.php\/wp-json\/wp\/v2\/product\/5451","targetHints":{"allow":["GET"]}}],"collection":[{"href":"https:\/\/grupofenix.info\/index.php\/wp-json\/wp\/v2\/product"}],"about":[{"href":"https:\/\/grupofenix.info\/index.php\/wp-json\/wp\/v2\/types\/product"}],"replies":[{"embeddable":true,"href":"https:\/\/grupofenix.info\/index.php\/wp-json\/wp\/v2\/comments?post=5451"}],"version-history":[{"count":3,"href":"https:\/\/grupofenix.info\/index.php\/wp-json\/wp\/v2\/product\/5451\/revisions"}],"predecessor-version":[{"id":5508,"href":"https:\/\/grupofenix.info\/index.php\/wp-json\/wp\/v2\/product\/5451\/revisions\/5508"}],"wp:featuredmedia":[{"embeddable":true,"href":"https:\/\/grupofenix.info\/index.php\/wp-json\/wp\/v2\/media\/5484"}],"wp:attachment":[{"href":"https:\/\/grupofenix.info\/index.php\/wp-json\/wp\/v2\/media?parent=5451"}],"wp:term":[{"taxonomy":"product_cat","embeddable":true,"href":"https:\/\/grupofenix.info\/index.php\/wp-json\/wp\/v2\/product_cat?post=5451"},{"taxonomy":"product_tag","embeddable":true,"href":"https:\/\/grupofenix.info\/index.php\/wp-json\/wp\/v2\/product_tag?post=5451"}],"curies":[{"name":"wp","href":"https:\/\/api.w.org\/{rel}","templated":true}]}}