{"id":5450,"date":"2024-05-15T18:00:05","date_gmt":"2024-05-15T21:00:05","guid":{"rendered":"https:\/\/grupofenix.info\/?post_type=product&#038;p=5450"},"modified":"2024-07-19T11:47:11","modified_gmt":"2024-07-19T14:47:11","slug":"memrias-preciosas","status":"publish","type":"product","link":"https:\/\/grupofenix.info\/index.php\/product\/memrias-preciosas\/","title":{"rendered":"MEM\u00d3RIAS PRECIOSAS"},"content":{"rendered":"<p>Um arranjo excepcional de rosas vermelhas, cravos cor de vinho, mini cravos cor de vinho, g\u00e9rberas vermelhas e pompons de bot\u00e3o branco s\u00e3o acentuados com uma variedade de verdes exuberantes. Uma fita vermelha com a palavra &#8220;Amado&#8221;, gravada em letras met\u00e1licas douradas, finaliza este lindo design. Voc\u00ea pode personalizar esta mensagem se preferir abaixo. Exibido em um cavalete de arame.<\/p>\n","protected":false},"excerpt":{"rendered":"<p>O spray permanente Mem\u00f3rias Preciosas \u00e9 uma forma rica e colorida de expressar seu amor e devo\u00e7\u00e3o sem fim aos que partiram.<\/p>\n","protected":false},"featured_media":5485,"comment_status":"open","ping_status":"closed","template":"","meta":[],"product_cat":[92],"product_tag":[93],"class_list":{"0":"post-5450","1":"product","2":"type-product","3":"status-publish","4":"has-post-thumbnail","6":"product_cat-spray","7":"product_tag-spray","9":"first","10":"instock","11":"taxable","12":"shipping-taxable","13":"purchasable","14":"product-type-simple"},"_links":{"self":[{"href":"https:\/\/grupofenix.info\/index.php\/wp-json\/wp\/v2\/product\/5450","targetHints":{"allow":["GET"]}}],"collection":[{"href":"https:\/\/grupofenix.info\/index.php\/wp-json\/wp\/v2\/product"}],"about":[{"href":"https:\/\/grupofenix.info\/index.php\/wp-json\/wp\/v2\/types\/product"}],"replies":[{"embeddable":true,"href":"https:\/\/grupofenix.info\/index.php\/wp-json\/wp\/v2\/comments?post=5450"}],"version-history":[{"count":3,"href":"https:\/\/grupofenix.info\/index.php\/wp-json\/wp\/v2\/product\/5450\/revisions"}],"predecessor-version":[{"id":5504,"href":"https:\/\/grupofenix.info\/index.php\/wp-json\/wp\/v2\/product\/5450\/revisions\/5504"}],"wp:featuredmedia":[{"embeddable":true,"href":"https:\/\/grupofenix.info\/index.php\/wp-json\/wp\/v2\/media\/5485"}],"wp:attachment":[{"href":"https:\/\/grupofenix.info\/index.php\/wp-json\/wp\/v2\/media?parent=5450"}],"wp:term":[{"taxonomy":"product_cat","embeddable":true,"href":"https:\/\/grupofenix.info\/index.php\/wp-json\/wp\/v2\/product_cat?post=5450"},{"taxonomy":"product_tag","embeddable":true,"href":"https:\/\/grupofenix.info\/index.php\/wp-json\/wp\/v2\/product_tag?post=5450"}],"curies":[{"name":"wp","href":"https:\/\/api.w.org\/{rel}","templated":true}]}}