{"id":5449,"date":"2024-05-15T18:00:05","date_gmt":"2024-05-15T21:00:05","guid":{"rendered":"https:\/\/grupofenix.info\/?post_type=product&#038;p=5449"},"modified":"2024-07-19T11:46:09","modified_gmt":"2024-07-19T14:46:09","slug":"homenagem-a-lily-e-rose","status":"publish","type":"product","link":"https:\/\/grupofenix.info\/index.php\/product\/homenagem-a-lily-e-rose\/","title":{"rendered":"ESTELA DE LUZ"},"content":{"rendered":"<p>L\u00edrios brancos puros e orqu\u00eddeas dendrobium misturam-se com rosas vermelhas, l\u00edrios asi\u00e1ticos brancos e muito mais neste magn\u00edfico e impressionante ramo de flores mais finas.<\/p>\n","protected":false},"excerpt":{"rendered":"<p>Uma homenagem adequada para um funeral, vel\u00f3rio ou servi\u00e7o memorial. Um ramo de flores exuberantes, como rosas vermelhas, orqu\u00eddeas dendrobium brancas e l\u00edrios asi\u00e1ticos &#8211; acentuados com vegeta\u00e7\u00e3o &#8211; \u00e9 exibido em um cavalete.<\/p>\n","protected":false},"featured_media":5486,"comment_status":"open","ping_status":"closed","template":"","meta":[],"product_cat":[92],"product_tag":[93],"class_list":{"0":"post-5449","1":"product","2":"type-product","3":"status-publish","4":"has-post-thumbnail","6":"product_cat-spray","7":"product_tag-spray","9":"first","10":"instock","11":"taxable","12":"shipping-taxable","13":"purchasable","14":"product-type-simple"},"_links":{"self":[{"href":"https:\/\/grupofenix.info\/index.php\/wp-json\/wp\/v2\/product\/5449","targetHints":{"allow":["GET"]}}],"collection":[{"href":"https:\/\/grupofenix.info\/index.php\/wp-json\/wp\/v2\/product"}],"about":[{"href":"https:\/\/grupofenix.info\/index.php\/wp-json\/wp\/v2\/types\/product"}],"replies":[{"embeddable":true,"href":"https:\/\/grupofenix.info\/index.php\/wp-json\/wp\/v2\/comments?post=5449"}],"version-history":[{"count":3,"href":"https:\/\/grupofenix.info\/index.php\/wp-json\/wp\/v2\/product\/5449\/revisions"}],"predecessor-version":[{"id":5617,"href":"https:\/\/grupofenix.info\/index.php\/wp-json\/wp\/v2\/product\/5449\/revisions\/5617"}],"wp:featuredmedia":[{"embeddable":true,"href":"https:\/\/grupofenix.info\/index.php\/wp-json\/wp\/v2\/media\/5486"}],"wp:attachment":[{"href":"https:\/\/grupofenix.info\/index.php\/wp-json\/wp\/v2\/media?parent=5449"}],"wp:term":[{"taxonomy":"product_cat","embeddable":true,"href":"https:\/\/grupofenix.info\/index.php\/wp-json\/wp\/v2\/product_cat?post=5449"},{"taxonomy":"product_tag","embeddable":true,"href":"https:\/\/grupofenix.info\/index.php\/wp-json\/wp\/v2\/product_tag?post=5449"}],"curies":[{"name":"wp","href":"https:\/\/api.w.org\/{rel}","templated":true}]}}