{"id":5448,"date":"2024-05-15T18:00:04","date_gmt":"2024-05-15T21:00:04","guid":{"rendered":"https:\/\/grupofenix.info\/?post_type=product&#038;p=5448"},"modified":"2024-07-19T11:44:29","modified_gmt":"2024-07-19T14:44:29","slug":"corao-sempre-amado","status":"publish","type":"product","link":"https:\/\/grupofenix.info\/index.php\/product\/corao-sempre-amado\/","title":{"rendered":"CORA\u00c7\u00c3O SEMPRE AMADO"},"content":{"rendered":"<p>Esta espetacular guirlanda em forma de cora\u00e7\u00e3o com adi\u00e7\u00e3o de orqu\u00eddeas e spray de rosas \u00e9 uma impressionante demonstra\u00e7\u00e3o de amor e devo\u00e7\u00e3o. Um lindo cora\u00e7\u00e3o floral \u00e9 criado com dezenas de m\u00e3es comerciais brancas e \u00e9 delineado com folhas de salal.<\/p>\n","protected":false},"excerpt":{"rendered":"<p>Anexado a este cora\u00e7\u00e3o est\u00e1 um deslumbrante ramo de rosas vermelhas e encantadoras orqu\u00eddeas phalaenopsis brancas. O spray \u00e9 desenhado com verdes exuberantes e acentuado com uma fita arrastada.<\/p>\n","protected":false},"featured_media":5494,"comment_status":"open","ping_status":"closed","template":"","meta":[],"product_cat":[94],"product_tag":[95,88],"class_list":{"0":"post-5448","1":"product","2":"type-product","3":"status-publish","4":"has-post-thumbnail","6":"product_cat-floral-coracao","7":"product_tag-coracao","8":"product_tag-floral","10":"first","11":"instock","12":"taxable","13":"shipping-taxable","14":"purchasable","15":"product-type-simple"},"_links":{"self":[{"href":"https:\/\/grupofenix.info\/index.php\/wp-json\/wp\/v2\/product\/5448","targetHints":{"allow":["GET"]}}],"collection":[{"href":"https:\/\/grupofenix.info\/index.php\/wp-json\/wp\/v2\/product"}],"about":[{"href":"https:\/\/grupofenix.info\/index.php\/wp-json\/wp\/v2\/types\/product"}],"replies":[{"embeddable":true,"href":"https:\/\/grupofenix.info\/index.php\/wp-json\/wp\/v2\/comments?post=5448"}],"version-history":[{"count":4,"href":"https:\/\/grupofenix.info\/index.php\/wp-json\/wp\/v2\/product\/5448\/revisions"}],"predecessor-version":[{"id":5517,"href":"https:\/\/grupofenix.info\/index.php\/wp-json\/wp\/v2\/product\/5448\/revisions\/5517"}],"wp:featuredmedia":[{"embeddable":true,"href":"https:\/\/grupofenix.info\/index.php\/wp-json\/wp\/v2\/media\/5494"}],"wp:attachment":[{"href":"https:\/\/grupofenix.info\/index.php\/wp-json\/wp\/v2\/media?parent=5448"}],"wp:term":[{"taxonomy":"product_cat","embeddable":true,"href":"https:\/\/grupofenix.info\/index.php\/wp-json\/wp\/v2\/product_cat?post=5448"},{"taxonomy":"product_tag","embeddable":true,"href":"https:\/\/grupofenix.info\/index.php\/wp-json\/wp\/v2\/product_tag?post=5448"}],"curies":[{"name":"wp","href":"https:\/\/api.w.org\/{rel}","templated":true}]}}