{"id":5447,"date":"2024-05-15T18:00:04","date_gmt":"2024-05-15T21:00:04","guid":{"rendered":"https:\/\/grupofenix.info\/?post_type=product&#038;p=5447"},"modified":"2024-07-19T11:43:41","modified_gmt":"2024-07-19T14:43:41","slug":"cruz-sempre-amei","status":"publish","type":"product","link":"https:\/\/grupofenix.info\/index.php\/product\/cruz-sempre-amei\/","title":{"rendered":"CRUZ SEMPRE AMEI"},"content":{"rendered":"<p>Uma cruz de m\u00e3es comerciais brancas com uma borda de vegeta\u00e7\u00e3o exuberante \u00e9 adornada com um spray diagonal de tirar o f\u00f4lego de rosas vermelhas, orqu\u00eddeas phalaenopsis brancas e vegeta\u00e7\u00e3o atraente. Uma fita de cetim branco e um la\u00e7o real\u00e7am este design not\u00e1vel.<\/p>\n","protected":false},"excerpt":{"rendered":"<p>Esta \u00e9 uma cruz floral deslumbrante para exibi\u00e7\u00e3o em um funeral.<\/p>\n","protected":false},"featured_media":5495,"comment_status":"open","ping_status":"closed","template":"","meta":[],"product_cat":[94],"product_tag":[89,88],"class_list":{"0":"post-5447","1":"product","2":"type-product","3":"status-publish","4":"has-post-thumbnail","6":"product_cat-floral-coracao","7":"product_tag-cruz","8":"product_tag-floral","10":"first","11":"instock","12":"taxable","13":"shipping-taxable","14":"purchasable","15":"product-type-simple"},"_links":{"self":[{"href":"https:\/\/grupofenix.info\/index.php\/wp-json\/wp\/v2\/product\/5447","targetHints":{"allow":["GET"]}}],"collection":[{"href":"https:\/\/grupofenix.info\/index.php\/wp-json\/wp\/v2\/product"}],"about":[{"href":"https:\/\/grupofenix.info\/index.php\/wp-json\/wp\/v2\/types\/product"}],"replies":[{"embeddable":true,"href":"https:\/\/grupofenix.info\/index.php\/wp-json\/wp\/v2\/comments?post=5447"}],"version-history":[{"count":3,"href":"https:\/\/grupofenix.info\/index.php\/wp-json\/wp\/v2\/product\/5447\/revisions"}],"predecessor-version":[{"id":5514,"href":"https:\/\/grupofenix.info\/index.php\/wp-json\/wp\/v2\/product\/5447\/revisions\/5514"}],"wp:featuredmedia":[{"embeddable":true,"href":"https:\/\/grupofenix.info\/index.php\/wp-json\/wp\/v2\/media\/5495"}],"wp:attachment":[{"href":"https:\/\/grupofenix.info\/index.php\/wp-json\/wp\/v2\/media?parent=5447"}],"wp:term":[{"taxonomy":"product_cat","embeddable":true,"href":"https:\/\/grupofenix.info\/index.php\/wp-json\/wp\/v2\/product_cat?post=5447"},{"taxonomy":"product_tag","embeddable":true,"href":"https:\/\/grupofenix.info\/index.php\/wp-json\/wp\/v2\/product_tag?post=5447"}],"curies":[{"name":"wp","href":"https:\/\/api.w.org\/{rel}","templated":true}]}}