{"id":5446,"date":"2024-05-15T18:00:04","date_gmt":"2024-05-15T21:00:04","guid":{"rendered":"https:\/\/grupofenix.info\/?post_type=product&#038;p=5446"},"modified":"2024-07-19T11:43:23","modified_gmt":"2024-07-19T14:43:23","slug":"cruz-amor-profundo","status":"publish","type":"product","link":"https:\/\/grupofenix.info\/index.php\/product\/cruz-amor-profundo\/","title":{"rendered":"CRUZ AMOR PROFUNDO"},"content":{"rendered":"<p>Os cravos brancos s\u00e3o dispostos para formar uma cruz na qual um ramo diagonal de rosas vermelhas, rosas em spray e verdes exuberantes s\u00e3o posicionados, criando uma bela exibi\u00e7\u00e3o de cavalete.<\/p>\n","protected":false},"excerpt":{"rendered":"<p>Nossa Cruz Amor Profundo \u00e9 um s\u00edmbolo de amor e f\u00e9 para homenagear o falecido no servi\u00e7o de despedida final.<\/p>\n","protected":false},"featured_media":5465,"comment_status":"open","ping_status":"closed","template":"","meta":[],"product_cat":[94],"product_tag":[89,88],"class_list":{"0":"post-5446","1":"product","2":"type-product","3":"status-publish","4":"has-post-thumbnail","6":"product_cat-floral-coracao","7":"product_tag-cruz","8":"product_tag-floral","10":"first","11":"instock","12":"taxable","13":"shipping-taxable","14":"purchasable","15":"product-type-simple"},"_links":{"self":[{"href":"https:\/\/grupofenix.info\/index.php\/wp-json\/wp\/v2\/product\/5446","targetHints":{"allow":["GET"]}}],"collection":[{"href":"https:\/\/grupofenix.info\/index.php\/wp-json\/wp\/v2\/product"}],"about":[{"href":"https:\/\/grupofenix.info\/index.php\/wp-json\/wp\/v2\/types\/product"}],"replies":[{"embeddable":true,"href":"https:\/\/grupofenix.info\/index.php\/wp-json\/wp\/v2\/comments?post=5446"}],"version-history":[{"count":2,"href":"https:\/\/grupofenix.info\/index.php\/wp-json\/wp\/v2\/product\/5446\/revisions"}],"predecessor-version":[{"id":5515,"href":"https:\/\/grupofenix.info\/index.php\/wp-json\/wp\/v2\/product\/5446\/revisions\/5515"}],"wp:featuredmedia":[{"embeddable":true,"href":"https:\/\/grupofenix.info\/index.php\/wp-json\/wp\/v2\/media\/5465"}],"wp:attachment":[{"href":"https:\/\/grupofenix.info\/index.php\/wp-json\/wp\/v2\/media?parent=5446"}],"wp:term":[{"taxonomy":"product_cat","embeddable":true,"href":"https:\/\/grupofenix.info\/index.php\/wp-json\/wp\/v2\/product_cat?post=5446"},{"taxonomy":"product_tag","embeddable":true,"href":"https:\/\/grupofenix.info\/index.php\/wp-json\/wp\/v2\/product_tag?post=5446"}],"curies":[{"name":"wp","href":"https:\/\/api.w.org\/{rel}","templated":true}]}}