{"id":5415,"date":"2024-05-15T17:59:49","date_gmt":"2024-05-15T20:59:49","guid":{"rendered":"https:\/\/grupofenix.info\/?post_type=product&#038;p=5415"},"modified":"2024-07-19T11:42:40","modified_gmt":"2024-07-19T14:42:40","slug":"dormir-em-paz","status":"publish","type":"product","link":"https:\/\/grupofenix.info\/index.php\/product\/dormir-em-paz\/","title":{"rendered":"DORMIR EM PAZ"},"content":{"rendered":"<p>Glad\u00edolos lavanda, l\u00edrios rosa, m\u00e3es lavanda, minicravos rosa e verduras exuberantes est\u00e3o lindamente dispostos em uma guirlanda. Exibida em um cavalete de arame, esta guirlanda \u00e9 uma linda maneira de homenagear a vida do ente querido.<\/p>\n","protected":false},"excerpt":{"rendered":"<p>A Coroa de Sono em Paz do Grupo F\u00eanix \u00e9 uma suave express\u00e3o de simpatia que trar\u00e1 conforto e oferecer\u00e1 esperan\u00e7a durante a despedida final.<\/p>\n","protected":false},"featured_media":5468,"comment_status":"open","ping_status":"closed","template":"","meta":[],"product_cat":[85],"product_tag":[86],"class_list":{"0":"post-5415","1":"product","2":"type-product","3":"status-publish","4":"has-post-thumbnail","6":"product_cat-coroa","7":"product_tag-coroa","9":"first","10":"instock","11":"taxable","12":"shipping-taxable","13":"purchasable","14":"product-type-simple"},"_links":{"self":[{"href":"https:\/\/grupofenix.info\/index.php\/wp-json\/wp\/v2\/product\/5415","targetHints":{"allow":["GET"]}}],"collection":[{"href":"https:\/\/grupofenix.info\/index.php\/wp-json\/wp\/v2\/product"}],"about":[{"href":"https:\/\/grupofenix.info\/index.php\/wp-json\/wp\/v2\/types\/product"}],"replies":[{"embeddable":true,"href":"https:\/\/grupofenix.info\/index.php\/wp-json\/wp\/v2\/comments?post=5415"}],"version-history":[{"count":3,"href":"https:\/\/grupofenix.info\/index.php\/wp-json\/wp\/v2\/product\/5415\/revisions"}],"predecessor-version":[{"id":5533,"href":"https:\/\/grupofenix.info\/index.php\/wp-json\/wp\/v2\/product\/5415\/revisions\/5533"}],"wp:featuredmedia":[{"embeddable":true,"href":"https:\/\/grupofenix.info\/index.php\/wp-json\/wp\/v2\/media\/5468"}],"wp:attachment":[{"href":"https:\/\/grupofenix.info\/index.php\/wp-json\/wp\/v2\/media?parent=5415"}],"wp:term":[{"taxonomy":"product_cat","embeddable":true,"href":"https:\/\/grupofenix.info\/index.php\/wp-json\/wp\/v2\/product_cat?post=5415"},{"taxonomy":"product_tag","embeddable":true,"href":"https:\/\/grupofenix.info\/index.php\/wp-json\/wp\/v2\/product_tag?post=5415"}],"curies":[{"name":"wp","href":"https:\/\/api.w.org\/{rel}","templated":true}]}}