{"id":5414,"date":"2024-05-15T17:59:49","date_gmt":"2024-05-15T20:59:49","guid":{"rendered":"https:\/\/grupofenix.info\/?post_type=product&#038;p=5414"},"modified":"2024-07-19T11:41:58","modified_gmt":"2024-07-19T14:41:58","slug":"lembrana-elegante","status":"publish","type":"product","link":"https:\/\/grupofenix.info\/index.php\/product\/lembrana-elegante\/","title":{"rendered":"LEMBRAN\u00c7A ELEGANTE"},"content":{"rendered":"<p>Hastes de rosas brancas s\u00e3o artisticamente dispostas em forma de cora\u00e7\u00e3o e apresentadas em um cavalete de arame, criando uma homenagem simplesmente linda para seu servi\u00e7o final de despedida.<\/p>\n","protected":false},"excerpt":{"rendered":"<p>Nosso Cora\u00e7\u00e3o Lembran\u00e7a Elegante \u00e9 uma exibi\u00e7\u00e3o requintada de paz e amor.<\/p>\n","protected":false},"featured_media":5469,"comment_status":"open","ping_status":"closed","template":"","meta":[],"product_cat":[85],"product_tag":[86],"class_list":{"0":"post-5414","1":"product","2":"type-product","3":"status-publish","4":"has-post-thumbnail","6":"product_cat-coroa","7":"product_tag-coroa","9":"first","10":"instock","11":"taxable","12":"shipping-taxable","13":"purchasable","14":"product-type-simple"},"_links":{"self":[{"href":"https:\/\/grupofenix.info\/index.php\/wp-json\/wp\/v2\/product\/5414","targetHints":{"allow":["GET"]}}],"collection":[{"href":"https:\/\/grupofenix.info\/index.php\/wp-json\/wp\/v2\/product"}],"about":[{"href":"https:\/\/grupofenix.info\/index.php\/wp-json\/wp\/v2\/types\/product"}],"replies":[{"embeddable":true,"href":"https:\/\/grupofenix.info\/index.php\/wp-json\/wp\/v2\/comments?post=5414"}],"version-history":[{"count":3,"href":"https:\/\/grupofenix.info\/index.php\/wp-json\/wp\/v2\/product\/5414\/revisions"}],"predecessor-version":[{"id":5519,"href":"https:\/\/grupofenix.info\/index.php\/wp-json\/wp\/v2\/product\/5414\/revisions\/5519"}],"wp:featuredmedia":[{"embeddable":true,"href":"https:\/\/grupofenix.info\/index.php\/wp-json\/wp\/v2\/media\/5469"}],"wp:attachment":[{"href":"https:\/\/grupofenix.info\/index.php\/wp-json\/wp\/v2\/media?parent=5414"}],"wp:term":[{"taxonomy":"product_cat","embeddable":true,"href":"https:\/\/grupofenix.info\/index.php\/wp-json\/wp\/v2\/product_cat?post=5414"},{"taxonomy":"product_tag","embeddable":true,"href":"https:\/\/grupofenix.info\/index.php\/wp-json\/wp\/v2\/product_tag?post=5414"}],"curies":[{"name":"wp","href":"https:\/\/api.w.org\/{rel}","templated":true}]}}