{"id":5413,"date":"2024-05-15T17:59:49","date_gmt":"2024-05-15T20:59:49","guid":{"rendered":"https:\/\/grupofenix.info\/?post_type=product&#038;p=5413"},"modified":"2024-07-19T11:40:45","modified_gmt":"2024-07-19T14:40:45","slug":"corao-partido","status":"publish","type":"product","link":"https:\/\/grupofenix.info\/index.php\/product\/corao-partido\/","title":{"rendered":"CORA\u00c7\u00c3O PARTIDO"},"content":{"rendered":"<p>Cris\u00e2ntemos brancos perolados t\u00eam o formato de um cora\u00e7\u00e3o, acentuados com verdes forrados na parte externa e &#8220;quebrados&#8221; no meio com rosas vermelhas. Exibido em cavalete de arame em seu servi\u00e7o final.<\/p>\n","protected":false},"excerpt":{"rendered":"<p>Nossa coroa de cora\u00e7\u00e3o partido \u00e9 uma bela maneira de expressar o impacto que o falecido teve em sua vida.<\/p>\n","protected":false},"featured_media":5479,"comment_status":"open","ping_status":"closed","template":"","meta":[],"product_cat":[85],"product_tag":[86],"class_list":{"0":"post-5413","1":"product","2":"type-product","3":"status-publish","4":"has-post-thumbnail","6":"product_cat-coroa","7":"product_tag-coroa","9":"first","10":"instock","11":"taxable","12":"shipping-taxable","13":"purchasable","14":"product-type-simple"},"_links":{"self":[{"href":"https:\/\/grupofenix.info\/index.php\/wp-json\/wp\/v2\/product\/5413","targetHints":{"allow":["GET"]}}],"collection":[{"href":"https:\/\/grupofenix.info\/index.php\/wp-json\/wp\/v2\/product"}],"about":[{"href":"https:\/\/grupofenix.info\/index.php\/wp-json\/wp\/v2\/types\/product"}],"replies":[{"embeddable":true,"href":"https:\/\/grupofenix.info\/index.php\/wp-json\/wp\/v2\/comments?post=5413"}],"version-history":[{"count":3,"href":"https:\/\/grupofenix.info\/index.php\/wp-json\/wp\/v2\/product\/5413\/revisions"}],"predecessor-version":[{"id":5521,"href":"https:\/\/grupofenix.info\/index.php\/wp-json\/wp\/v2\/product\/5413\/revisions\/5521"}],"wp:featuredmedia":[{"embeddable":true,"href":"https:\/\/grupofenix.info\/index.php\/wp-json\/wp\/v2\/media\/5479"}],"wp:attachment":[{"href":"https:\/\/grupofenix.info\/index.php\/wp-json\/wp\/v2\/media?parent=5413"}],"wp:term":[{"taxonomy":"product_cat","embeddable":true,"href":"https:\/\/grupofenix.info\/index.php\/wp-json\/wp\/v2\/product_cat?post=5413"},{"taxonomy":"product_tag","embeddable":true,"href":"https:\/\/grupofenix.info\/index.php\/wp-json\/wp\/v2\/product_tag?post=5413"}],"curies":[{"name":"wp","href":"https:\/\/api.w.org\/{rel}","templated":true}]}}