{"id":5412,"date":"2024-05-15T17:59:49","date_gmt":"2024-05-15T20:59:49","guid":{"rendered":"https:\/\/grupofenix.info\/?post_type=product&#038;p=5412"},"modified":"2024-07-19T11:39:57","modified_gmt":"2024-07-19T14:39:57","slug":"amor-mais-profundo","status":"publish","type":"product","link":"https:\/\/grupofenix.info\/index.php\/product\/amor-mais-profundo\/","title":{"rendered":"AMOR MAIS PROFUNDO"},"content":{"rendered":"<p>Com hastes de rosas vermelhas e hastes, cada flor e cada folha ecoam a profundidade desse sentimento. As rosas vermelhas, s\u00edmbolos cl\u00e1ssicos de amor apaixonado, se destacam em meio ao arranjo, emanando beleza e calor. Os sinos adicionam uma nota de frescor e vitalidade, representando esperan\u00e7a e prosperidade.<\/p>\n","protected":false},"excerpt":{"rendered":"<p>Uma express\u00e3o de amor que transcende as palavras, esta composi\u00e7\u00e3o floral \u00e9 uma declara\u00e7\u00e3o emocionante.<\/p>\n","protected":false},"featured_media":5497,"comment_status":"open","ping_status":"closed","template":"","meta":[],"product_cat":[85],"product_tag":[86],"class_list":{"0":"post-5412","1":"product","2":"type-product","3":"status-publish","4":"has-post-thumbnail","6":"product_cat-coroa","7":"product_tag-coroa","9":"first","10":"instock","11":"taxable","12":"shipping-taxable","13":"purchasable","14":"product-type-simple"},"_links":{"self":[{"href":"https:\/\/grupofenix.info\/index.php\/wp-json\/wp\/v2\/product\/5412","targetHints":{"allow":["GET"]}}],"collection":[{"href":"https:\/\/grupofenix.info\/index.php\/wp-json\/wp\/v2\/product"}],"about":[{"href":"https:\/\/grupofenix.info\/index.php\/wp-json\/wp\/v2\/types\/product"}],"replies":[{"embeddable":true,"href":"https:\/\/grupofenix.info\/index.php\/wp-json\/wp\/v2\/comments?post=5412"}],"version-history":[{"count":3,"href":"https:\/\/grupofenix.info\/index.php\/wp-json\/wp\/v2\/product\/5412\/revisions"}],"predecessor-version":[{"id":5531,"href":"https:\/\/grupofenix.info\/index.php\/wp-json\/wp\/v2\/product\/5412\/revisions\/5531"}],"wp:featuredmedia":[{"embeddable":true,"href":"https:\/\/grupofenix.info\/index.php\/wp-json\/wp\/v2\/media\/5497"}],"wp:attachment":[{"href":"https:\/\/grupofenix.info\/index.php\/wp-json\/wp\/v2\/media?parent=5412"}],"wp:term":[{"taxonomy":"product_cat","embeddable":true,"href":"https:\/\/grupofenix.info\/index.php\/wp-json\/wp\/v2\/product_cat?post=5412"},{"taxonomy":"product_tag","embeddable":true,"href":"https:\/\/grupofenix.info\/index.php\/wp-json\/wp\/v2\/product_tag?post=5412"}],"curies":[{"name":"wp","href":"https:\/\/api.w.org\/{rel}","templated":true}]}}