{"id":5411,"date":"2024-05-15T17:59:49","date_gmt":"2024-05-15T20:59:49","guid":{"rendered":"https:\/\/grupofenix.info\/?post_type=product&#038;p=5411"},"modified":"2024-07-19T11:39:03","modified_gmt":"2024-07-19T14:39:03","slug":"lembrana","status":"publish","type":"product","link":"https:\/\/grupofenix.info\/index.php\/product\/lembrana\/","title":{"rendered":"LEMBRAN\u00c7A"},"content":{"rendered":"<p>Esta impressionante coroa \u00e9 composta por rosas brancas, cravos brancos e l\u00edrios asi\u00e1ticos brancos. As flores s\u00e3o complementadas por verdes exuberantes, fitas e enfeites combinando. Esta linda guirlanda toda branca \u00e9 um tributo floral consagrado pelo tempo para um vel\u00f3rio ou funeral, ao lado do t\u00famulo em um enterro ou para decorar uma l\u00e1pide.<\/p>\n","protected":false},"excerpt":{"rendered":"<p>A tradicional coroa f?nebre, representando lindamente o eterno c?rculo da vida, ? uma bela express?o de simpatia.<\/p>\n","protected":false},"featured_media":5480,"comment_status":"open","ping_status":"closed","template":"","meta":[],"product_cat":[85],"product_tag":[86],"class_list":{"0":"post-5411","1":"product","2":"type-product","3":"status-publish","4":"has-post-thumbnail","6":"product_cat-coroa","7":"product_tag-coroa","9":"first","10":"instock","11":"taxable","12":"shipping-taxable","13":"purchasable","14":"product-type-simple"},"_links":{"self":[{"href":"https:\/\/grupofenix.info\/index.php\/wp-json\/wp\/v2\/product\/5411","targetHints":{"allow":["GET"]}}],"collection":[{"href":"https:\/\/grupofenix.info\/index.php\/wp-json\/wp\/v2\/product"}],"about":[{"href":"https:\/\/grupofenix.info\/index.php\/wp-json\/wp\/v2\/types\/product"}],"replies":[{"embeddable":true,"href":"https:\/\/grupofenix.info\/index.php\/wp-json\/wp\/v2\/comments?post=5411"}],"version-history":[{"count":3,"href":"https:\/\/grupofenix.info\/index.php\/wp-json\/wp\/v2\/product\/5411\/revisions"}],"predecessor-version":[{"id":5526,"href":"https:\/\/grupofenix.info\/index.php\/wp-json\/wp\/v2\/product\/5411\/revisions\/5526"}],"wp:featuredmedia":[{"embeddable":true,"href":"https:\/\/grupofenix.info\/index.php\/wp-json\/wp\/v2\/media\/5480"}],"wp:attachment":[{"href":"https:\/\/grupofenix.info\/index.php\/wp-json\/wp\/v2\/media?parent=5411"}],"wp:term":[{"taxonomy":"product_cat","embeddable":true,"href":"https:\/\/grupofenix.info\/index.php\/wp-json\/wp\/v2\/product_cat?post=5411"},{"taxonomy":"product_tag","embeddable":true,"href":"https:\/\/grupofenix.info\/index.php\/wp-json\/wp\/v2\/product_tag?post=5411"}],"curies":[{"name":"wp","href":"https:\/\/api.w.org\/{rel}","templated":true}]}}