{"id":5410,"date":"2024-05-15T17:59:49","date_gmt":"2024-05-15T20:59:49","guid":{"rendered":"https:\/\/grupofenix.info\/?post_type=product&#038;p=5410"},"modified":"2024-07-19T11:37:54","modified_gmt":"2024-07-19T14:37:54","slug":"esplendor","status":"publish","type":"product","link":"https:\/\/grupofenix.info\/index.php\/product\/esplendor\/","title":{"rendered":"ESPLENDOR"},"content":{"rendered":"<p>Elegantes fr\u00e9sias brancas, lisianthus duplos, rosas em spray, \u00e1steres monte casino e limonium s\u00e3o acentuados com uma variedade de folhagens e fita de r\u00e1fia verde. Esta guirlanda \u00e9 uma bela maneira de mostrar seus sentimentos sinceros.<\/p>\n","protected":false},"excerpt":{"rendered":"<p>A Coroa de Esplendor \u00e9 um s\u00edmbolo de amor e parentesco duradouros, seja para os falecidos ou para o conforto daqueles que sofrem uma perda.<\/p>\n","protected":false},"featured_media":5474,"comment_status":"open","ping_status":"closed","template":"","meta":[],"product_cat":[85],"product_tag":[86],"class_list":{"0":"post-5410","1":"product","2":"type-product","3":"status-publish","4":"has-post-thumbnail","6":"product_cat-coroa","7":"product_tag-coroa","9":"first","10":"instock","11":"taxable","12":"shipping-taxable","13":"purchasable","14":"product-type-simple"},"_links":{"self":[{"href":"https:\/\/grupofenix.info\/index.php\/wp-json\/wp\/v2\/product\/5410","targetHints":{"allow":["GET"]}}],"collection":[{"href":"https:\/\/grupofenix.info\/index.php\/wp-json\/wp\/v2\/product"}],"about":[{"href":"https:\/\/grupofenix.info\/index.php\/wp-json\/wp\/v2\/types\/product"}],"replies":[{"embeddable":true,"href":"https:\/\/grupofenix.info\/index.php\/wp-json\/wp\/v2\/comments?post=5410"}],"version-history":[{"count":3,"href":"https:\/\/grupofenix.info\/index.php\/wp-json\/wp\/v2\/product\/5410\/revisions"}],"predecessor-version":[{"id":5528,"href":"https:\/\/grupofenix.info\/index.php\/wp-json\/wp\/v2\/product\/5410\/revisions\/5528"}],"wp:featuredmedia":[{"embeddable":true,"href":"https:\/\/grupofenix.info\/index.php\/wp-json\/wp\/v2\/media\/5474"}],"wp:attachment":[{"href":"https:\/\/grupofenix.info\/index.php\/wp-json\/wp\/v2\/media?parent=5410"}],"wp:term":[{"taxonomy":"product_cat","embeddable":true,"href":"https:\/\/grupofenix.info\/index.php\/wp-json\/wp\/v2\/product_cat?post=5410"},{"taxonomy":"product_tag","embeddable":true,"href":"https:\/\/grupofenix.info\/index.php\/wp-json\/wp\/v2\/product_tag?post=5410"}],"curies":[{"name":"wp","href":"https:\/\/api.w.org\/{rel}","templated":true}]}}