{"id":5409,"date":"2024-05-15T17:59:49","date_gmt":"2024-05-15T20:59:49","guid":{"rendered":"https:\/\/grupofenix.info\/?post_type=product&#038;p=5409"},"modified":"2024-07-19T11:36:16","modified_gmt":"2024-07-19T14:36:16","slug":"serenidade-colorida","status":"publish","type":"product","link":"https:\/\/grupofenix.info\/index.php\/product\/serenidade-colorida\/","title":{"rendered":"SERENIDADE COLORIDA"},"content":{"rendered":"<p>Esta obra floral apresenta uma combina\u00e7\u00e3o \u00fanica de delf\u00ednios, glad\u00edolos, rosas e l\u00edrios, tecidos juntos para transmitir uma mensagem de serenidade e beleza em um momento de despedida.<\/p>\n","protected":false},"excerpt":{"rendered":"<p>A Coroa Serenidade Colorida personifica n\u00e3o apenas a paz e calma; ela representa algo mais profundo.<\/p>\n","protected":false},"featured_media":5499,"comment_status":"open","ping_status":"closed","template":"","meta":[],"product_cat":[85],"product_tag":[86],"class_list":{"0":"post-5409","1":"product","2":"type-product","3":"status-publish","4":"has-post-thumbnail","6":"product_cat-coroa","7":"product_tag-coroa","9":"first","10":"instock","11":"taxable","12":"shipping-taxable","13":"purchasable","14":"product-type-simple"},"_links":{"self":[{"href":"https:\/\/grupofenix.info\/index.php\/wp-json\/wp\/v2\/product\/5409","targetHints":{"allow":["GET"]}}],"collection":[{"href":"https:\/\/grupofenix.info\/index.php\/wp-json\/wp\/v2\/product"}],"about":[{"href":"https:\/\/grupofenix.info\/index.php\/wp-json\/wp\/v2\/types\/product"}],"replies":[{"embeddable":true,"href":"https:\/\/grupofenix.info\/index.php\/wp-json\/wp\/v2\/comments?post=5409"}],"version-history":[{"count":2,"href":"https:\/\/grupofenix.info\/index.php\/wp-json\/wp\/v2\/product\/5409\/revisions"}],"predecessor-version":[{"id":5524,"href":"https:\/\/grupofenix.info\/index.php\/wp-json\/wp\/v2\/product\/5409\/revisions\/5524"}],"wp:featuredmedia":[{"embeddable":true,"href":"https:\/\/grupofenix.info\/index.php\/wp-json\/wp\/v2\/media\/5499"}],"wp:attachment":[{"href":"https:\/\/grupofenix.info\/index.php\/wp-json\/wp\/v2\/media?parent=5409"}],"wp:term":[{"taxonomy":"product_cat","embeddable":true,"href":"https:\/\/grupofenix.info\/index.php\/wp-json\/wp\/v2\/product_cat?post=5409"},{"taxonomy":"product_tag","embeddable":true,"href":"https:\/\/grupofenix.info\/index.php\/wp-json\/wp\/v2\/product_tag?post=5409"}],"curies":[{"name":"wp","href":"https:\/\/api.w.org\/{rel}","templated":true}]}}