{"id":5408,"date":"2024-05-15T17:59:49","date_gmt":"2024-05-15T20:59:49","guid":{"rendered":"https:\/\/grupofenix.info\/?post_type=product&#038;p=5408"},"modified":"2024-07-19T11:35:25","modified_gmt":"2024-07-19T14:35:25","slug":"lembrana-radiante","status":"publish","type":"product","link":"https:\/\/grupofenix.info\/index.php\/product\/lembrana-radiante\/","title":{"rendered":"LEMBRAN\u00c7A RADIANTE"},"content":{"rendered":"<p>As rosas creme criam um s\u00edmbolo de paz organizado entre os tons vibrantes de lisianthus roxo, g\u00e9rberas laranja, l\u00edrios asi\u00e1ticos laranja, bot\u00f5es verdes e uma variedade de folhagens. Que representa\u00e7\u00e3o maravilhosa de uma vida bem vivida! Exibido em um cavalete de arame.<\/p>\n","protected":false},"excerpt":{"rendered":"<p>A Coroa de Mem\u00f3ria Radiante \u00e9 uma explos\u00e3o brilhante de cor e luz que homenageia uma vida cheia de alegria e beleza.<\/p>\n","protected":false},"featured_media":5481,"comment_status":"open","ping_status":"closed","template":"","meta":[],"product_cat":[85],"product_tag":[86],"class_list":{"0":"post-5408","1":"product","2":"type-product","3":"status-publish","4":"has-post-thumbnail","6":"product_cat-coroa","7":"product_tag-coroa","9":"first","10":"instock","11":"taxable","12":"shipping-taxable","13":"purchasable","14":"product-type-simple"},"_links":{"self":[{"href":"https:\/\/grupofenix.info\/index.php\/wp-json\/wp\/v2\/product\/5408","targetHints":{"allow":["GET"]}}],"collection":[{"href":"https:\/\/grupofenix.info\/index.php\/wp-json\/wp\/v2\/product"}],"about":[{"href":"https:\/\/grupofenix.info\/index.php\/wp-json\/wp\/v2\/types\/product"}],"replies":[{"embeddable":true,"href":"https:\/\/grupofenix.info\/index.php\/wp-json\/wp\/v2\/comments?post=5408"}],"version-history":[{"count":3,"href":"https:\/\/grupofenix.info\/index.php\/wp-json\/wp\/v2\/product\/5408\/revisions"}],"predecessor-version":[{"id":5523,"href":"https:\/\/grupofenix.info\/index.php\/wp-json\/wp\/v2\/product\/5408\/revisions\/5523"}],"wp:featuredmedia":[{"embeddable":true,"href":"https:\/\/grupofenix.info\/index.php\/wp-json\/wp\/v2\/media\/5481"}],"wp:attachment":[{"href":"https:\/\/grupofenix.info\/index.php\/wp-json\/wp\/v2\/media?parent=5408"}],"wp:term":[{"taxonomy":"product_cat","embeddable":true,"href":"https:\/\/grupofenix.info\/index.php\/wp-json\/wp\/v2\/product_cat?post=5408"},{"taxonomy":"product_tag","embeddable":true,"href":"https:\/\/grupofenix.info\/index.php\/wp-json\/wp\/v2\/product_tag?post=5408"}],"curies":[{"name":"wp","href":"https:\/\/api.w.org\/{rel}","templated":true}]}}