{"id":5407,"date":"2024-05-15T17:59:49","date_gmt":"2024-05-15T20:59:49","guid":{"rendered":"https:\/\/grupofenix.info\/?post_type=product&#038;p=5407"},"modified":"2024-07-19T11:34:07","modified_gmt":"2024-07-19T14:34:07","slug":"preciosa-2","status":"publish","type":"product","link":"https:\/\/grupofenix.info\/index.php\/product\/preciosa-2\/","title":{"rendered":"PEQUENA FLOR"},"content":{"rendered":"<p>Os caules do h\u00e1lito do beb\u00ea e das vinhas de hera s\u00e3o artisticamente dispostos em forma de guirlanda e acentuados com um cetim branco e uma fita branca com bordas transparentes. Esta \u00e9 uma bela apresenta\u00e7\u00e3o para o servi\u00e7o final de despedida. Exibido em um cavalete de arame.<\/p>\n","protected":false},"excerpt":{"rendered":"<p>A Coroa Preciosa do Grupo F\u00eanix \u00e9 um lindo arranjo para honrar sua mem\u00f3ria durante esse per\u00edodo de luto<\/p>\n","protected":false},"featured_media":5475,"comment_status":"open","ping_status":"closed","template":"","meta":[],"product_cat":[85],"product_tag":[86],"class_list":{"0":"post-5407","1":"product","2":"type-product","3":"status-publish","4":"has-post-thumbnail","6":"product_cat-coroa","7":"product_tag-coroa","9":"first","10":"instock","11":"taxable","12":"shipping-taxable","13":"purchasable","14":"product-type-simple"},"_links":{"self":[{"href":"https:\/\/grupofenix.info\/index.php\/wp-json\/wp\/v2\/product\/5407","targetHints":{"allow":["GET"]}}],"collection":[{"href":"https:\/\/grupofenix.info\/index.php\/wp-json\/wp\/v2\/product"}],"about":[{"href":"https:\/\/grupofenix.info\/index.php\/wp-json\/wp\/v2\/types\/product"}],"replies":[{"embeddable":true,"href":"https:\/\/grupofenix.info\/index.php\/wp-json\/wp\/v2\/comments?post=5407"}],"version-history":[{"count":3,"href":"https:\/\/grupofenix.info\/index.php\/wp-json\/wp\/v2\/product\/5407\/revisions"}],"predecessor-version":[{"id":5616,"href":"https:\/\/grupofenix.info\/index.php\/wp-json\/wp\/v2\/product\/5407\/revisions\/5616"}],"wp:featuredmedia":[{"embeddable":true,"href":"https:\/\/grupofenix.info\/index.php\/wp-json\/wp\/v2\/media\/5475"}],"wp:attachment":[{"href":"https:\/\/grupofenix.info\/index.php\/wp-json\/wp\/v2\/media?parent=5407"}],"wp:term":[{"taxonomy":"product_cat","embeddable":true,"href":"https:\/\/grupofenix.info\/index.php\/wp-json\/wp\/v2\/product_cat?post=5407"},{"taxonomy":"product_tag","embeddable":true,"href":"https:\/\/grupofenix.info\/index.php\/wp-json\/wp\/v2\/product_tag?post=5407"}],"curies":[{"name":"wp","href":"https:\/\/api.w.org\/{rel}","templated":true}]}}