{"id":5406,"date":"2024-05-15T17:59:48","date_gmt":"2024-05-15T20:59:48","guid":{"rendered":"https:\/\/grupofenix.info\/?post_type=product&#038;p=5406"},"modified":"2024-07-19T11:29:21","modified_gmt":"2024-07-19T14:29:21","slug":"lembranas-amorosas","status":"publish","type":"product","link":"https:\/\/grupofenix.info\/index.php\/product\/lembranas-amorosas\/","title":{"rendered":"LEMBRAN\u00c7AS AMOROSAS"},"content":{"rendered":"<p>Rosas cor de rosa, l\u00edrios orientais, glad\u00edolos, hort\u00eansias e cravos s\u00e3o reunidos com verdes exuberantes para formar uma coroa de flores. Este design oferece calor e conforto com sua eleg\u00e2ncia sofisticada. Exibido em um cavalete de arame.<\/p>\n","protected":false},"excerpt":{"rendered":"<p>A Coroa Lembran\u00e7as Amorosas \u00e9 uma demonstra\u00e7\u00e3o de gra\u00e7a e beleza para homenagear a vida do falecido em sua homenagem final.<\/p>\n","protected":false},"featured_media":5476,"comment_status":"open","ping_status":"closed","template":"","meta":[],"product_cat":[85],"product_tag":[86],"class_list":{"0":"post-5406","1":"product","2":"type-product","3":"status-publish","4":"has-post-thumbnail","6":"product_cat-coroa","7":"product_tag-coroa","9":"first","10":"instock","11":"taxable","12":"shipping-taxable","13":"purchasable","14":"product-type-simple"},"_links":{"self":[{"href":"https:\/\/grupofenix.info\/index.php\/wp-json\/wp\/v2\/product\/5406","targetHints":{"allow":["GET"]}}],"collection":[{"href":"https:\/\/grupofenix.info\/index.php\/wp-json\/wp\/v2\/product"}],"about":[{"href":"https:\/\/grupofenix.info\/index.php\/wp-json\/wp\/v2\/types\/product"}],"replies":[{"embeddable":true,"href":"https:\/\/grupofenix.info\/index.php\/wp-json\/wp\/v2\/comments?post=5406"}],"version-history":[{"count":3,"href":"https:\/\/grupofenix.info\/index.php\/wp-json\/wp\/v2\/product\/5406\/revisions"}],"predecessor-version":[{"id":5615,"href":"https:\/\/grupofenix.info\/index.php\/wp-json\/wp\/v2\/product\/5406\/revisions\/5615"}],"wp:featuredmedia":[{"embeddable":true,"href":"https:\/\/grupofenix.info\/index.php\/wp-json\/wp\/v2\/media\/5476"}],"wp:attachment":[{"href":"https:\/\/grupofenix.info\/index.php\/wp-json\/wp\/v2\/media?parent=5406"}],"wp:term":[{"taxonomy":"product_cat","embeddable":true,"href":"https:\/\/grupofenix.info\/index.php\/wp-json\/wp\/v2\/product_cat?post=5406"},{"taxonomy":"product_tag","embeddable":true,"href":"https:\/\/grupofenix.info\/index.php\/wp-json\/wp\/v2\/product_tag?post=5406"}],"curies":[{"name":"wp","href":"https:\/\/api.w.org\/{rel}","templated":true}]}}