{"id":5405,"date":"2024-05-15T17:59:48","date_gmt":"2024-05-15T20:59:48","guid":{"rendered":"https:\/\/grupofenix.info\/?post_type=product&#038;p=5405"},"modified":"2024-07-19T11:28:38","modified_gmt":"2024-07-19T14:28:38","slug":"anel-da-amizade","status":"publish","type":"product","link":"https:\/\/grupofenix.info\/index.php\/product\/anel-da-amizade\/","title":{"rendered":"ANEL DA AMIZADE"},"content":{"rendered":"<p>A coroa do Anel da Amizade cont\u00e9m rosas amarelas douradas, l\u00edrios asi\u00e1ticos e orqu\u00eddeas dendrobium contra um fundo de vegeta\u00e7\u00e3o variada.<\/p>\n","protected":false},"excerpt":{"rendered":"<p>Projetado para ser uma express?o sincera de sua amizade e simpatia.<\/p>\n","protected":false},"featured_media":5470,"comment_status":"open","ping_status":"closed","template":"","meta":[],"product_cat":[85],"product_tag":[86],"class_list":{"0":"post-5405","1":"product","2":"type-product","3":"status-publish","4":"has-post-thumbnail","6":"product_cat-coroa","7":"product_tag-coroa","9":"first","10":"instock","11":"taxable","12":"shipping-taxable","13":"purchasable","14":"product-type-simple"},"_links":{"self":[{"href":"https:\/\/grupofenix.info\/index.php\/wp-json\/wp\/v2\/product\/5405","targetHints":{"allow":["GET"]}}],"collection":[{"href":"https:\/\/grupofenix.info\/index.php\/wp-json\/wp\/v2\/product"}],"about":[{"href":"https:\/\/grupofenix.info\/index.php\/wp-json\/wp\/v2\/types\/product"}],"replies":[{"embeddable":true,"href":"https:\/\/grupofenix.info\/index.php\/wp-json\/wp\/v2\/comments?post=5405"}],"version-history":[{"count":2,"href":"https:\/\/grupofenix.info\/index.php\/wp-json\/wp\/v2\/product\/5405\/revisions"}],"predecessor-version":[{"id":5562,"href":"https:\/\/grupofenix.info\/index.php\/wp-json\/wp\/v2\/product\/5405\/revisions\/5562"}],"wp:featuredmedia":[{"embeddable":true,"href":"https:\/\/grupofenix.info\/index.php\/wp-json\/wp\/v2\/media\/5470"}],"wp:attachment":[{"href":"https:\/\/grupofenix.info\/index.php\/wp-json\/wp\/v2\/media?parent=5405"}],"wp:term":[{"taxonomy":"product_cat","embeddable":true,"href":"https:\/\/grupofenix.info\/index.php\/wp-json\/wp\/v2\/product_cat?post=5405"},{"taxonomy":"product_tag","embeddable":true,"href":"https:\/\/grupofenix.info\/index.php\/wp-json\/wp\/v2\/product_tag?post=5405"}],"curies":[{"name":"wp","href":"https:\/\/api.w.org\/{rel}","templated":true}]}}