{"id":5404,"date":"2024-05-15T17:59:48","date_gmt":"2024-05-15T20:59:48","guid":{"rendered":"https:\/\/grupofenix.info\/?post_type=product&#038;p=5404"},"modified":"2024-07-19T11:27:50","modified_gmt":"2024-07-19T14:27:50","slug":"preciosa","status":"publish","type":"product","link":"https:\/\/grupofenix.info\/index.php\/product\/preciosa\/","title":{"rendered":"PRECIOSA"},"content":{"rendered":"<p>Rosas brancas brilhantes, l\u00edrios asi\u00e1ticos, mini cravos e pompons almofadados est\u00e3o lindamente dispostos para formar uma coroa elegante, acentuada com verdes exuberantes e vibrantes. Exibido em um cavalete de arame, este lindo tributo \u00e9 um s\u00edmbolo maravilhoso de vida eterna e doce serenidade.<\/p>\n","protected":false},"excerpt":{"rendered":"<p>A Preciosa oferece desejos pac\u00edficos de sincera simpatia com cada flor delicada.<\/p>\n","protected":false},"featured_media":5488,"comment_status":"open","ping_status":"closed","template":"","meta":[],"product_cat":[85],"product_tag":[86],"class_list":{"0":"post-5404","1":"product","2":"type-product","3":"status-publish","4":"has-post-thumbnail","6":"product_cat-coroa","7":"product_tag-coroa","9":"first","10":"instock","11":"taxable","12":"shipping-taxable","13":"purchasable","14":"product-type-simple"},"_links":{"self":[{"href":"https:\/\/grupofenix.info\/index.php\/wp-json\/wp\/v2\/product\/5404","targetHints":{"allow":["GET"]}}],"collection":[{"href":"https:\/\/grupofenix.info\/index.php\/wp-json\/wp\/v2\/product"}],"about":[{"href":"https:\/\/grupofenix.info\/index.php\/wp-json\/wp\/v2\/types\/product"}],"replies":[{"embeddable":true,"href":"https:\/\/grupofenix.info\/index.php\/wp-json\/wp\/v2\/comments?post=5404"}],"version-history":[{"count":3,"href":"https:\/\/grupofenix.info\/index.php\/wp-json\/wp\/v2\/product\/5404\/revisions"}],"predecessor-version":[{"id":5549,"href":"https:\/\/grupofenix.info\/index.php\/wp-json\/wp\/v2\/product\/5404\/revisions\/5549"}],"wp:featuredmedia":[{"embeddable":true,"href":"https:\/\/grupofenix.info\/index.php\/wp-json\/wp\/v2\/media\/5488"}],"wp:attachment":[{"href":"https:\/\/grupofenix.info\/index.php\/wp-json\/wp\/v2\/media?parent=5404"}],"wp:term":[{"taxonomy":"product_cat","embeddable":true,"href":"https:\/\/grupofenix.info\/index.php\/wp-json\/wp\/v2\/product_cat?post=5404"},{"taxonomy":"product_tag","embeddable":true,"href":"https:\/\/grupofenix.info\/index.php\/wp-json\/wp\/v2\/product_tag?post=5404"}],"curies":[{"name":"wp","href":"https:\/\/api.w.org\/{rel}","templated":true}]}}