{"id":5401,"date":"2024-05-15T17:59:48","date_gmt":"2024-05-15T20:59:48","guid":{"rendered":"https:\/\/grupofenix.info\/?post_type=product&#038;p=5401"},"modified":"2024-07-18T15:52:23","modified_gmt":"2024-07-18T18:52:23","slug":"felizes","status":"publish","type":"product","link":"https:\/\/grupofenix.info\/index.php\/product\/felizes\/","title":{"rendered":"FELIZES"},"content":{"rendered":"<p>Este arranjo inclui uma combina\u00e7\u00e3o cuidadosamente selecionada de flores serenas, como rosas brancas e cris\u00e2ntemos, escolhidas para transmitir uma sensa\u00e7\u00e3o de tranquilidade e beleza.<\/p>\n","protected":false},"excerpt":{"rendered":"<p>Apresentamos este ramo delicado de &#8220;Flores Felizes&#8221; em um vaso, uma express\u00e3o de conforto e respeito durante momentos dif\u00edceis.<\/p>\n","protected":false},"featured_media":5498,"comment_status":"open","ping_status":"closed","template":"","meta":[],"product_cat":[82],"product_tag":[84,83],"class_list":{"0":"post-5401","1":"product","2":"type-product","3":"status-publish","4":"has-post-thumbnail","6":"product_cat-vaso-buque","7":"product_tag-buque","8":"product_tag-vaso","10":"first","11":"instock","12":"taxable","13":"shipping-taxable","14":"purchasable","15":"product-type-simple"},"_links":{"self":[{"href":"https:\/\/grupofenix.info\/index.php\/wp-json\/wp\/v2\/product\/5401","targetHints":{"allow":["GET"]}}],"collection":[{"href":"https:\/\/grupofenix.info\/index.php\/wp-json\/wp\/v2\/product"}],"about":[{"href":"https:\/\/grupofenix.info\/index.php\/wp-json\/wp\/v2\/types\/product"}],"replies":[{"embeddable":true,"href":"https:\/\/grupofenix.info\/index.php\/wp-json\/wp\/v2\/comments?post=5401"}],"version-history":[{"count":3,"href":"https:\/\/grupofenix.info\/index.php\/wp-json\/wp\/v2\/product\/5401\/revisions"}],"predecessor-version":[{"id":5535,"href":"https:\/\/grupofenix.info\/index.php\/wp-json\/wp\/v2\/product\/5401\/revisions\/5535"}],"wp:featuredmedia":[{"embeddable":true,"href":"https:\/\/grupofenix.info\/index.php\/wp-json\/wp\/v2\/media\/5498"}],"wp:attachment":[{"href":"https:\/\/grupofenix.info\/index.php\/wp-json\/wp\/v2\/media?parent=5401"}],"wp:term":[{"taxonomy":"product_cat","embeddable":true,"href":"https:\/\/grupofenix.info\/index.php\/wp-json\/wp\/v2\/product_cat?post=5401"},{"taxonomy":"product_tag","embeddable":true,"href":"https:\/\/grupofenix.info\/index.php\/wp-json\/wp\/v2\/product_tag?post=5401"}],"curies":[{"name":"wp","href":"https:\/\/api.w.org\/{rel}","templated":true}]}}