{"id":5400,"date":"2024-05-15T17:59:48","date_gmt":"2024-05-15T20:59:48","guid":{"rendered":"https:\/\/grupofenix.info\/?post_type=product&#038;p=5400"},"modified":"2024-07-18T15:51:19","modified_gmt":"2024-07-18T18:51:19","slug":"cus-da-lembrana","status":"publish","type":"product","link":"https:\/\/grupofenix.info\/index.php\/product\/cus-da-lembrana\/","title":{"rendered":"C\u00c9US DA LEMBRAN\u00c7A"},"content":{"rendered":"<p>Seu reverente vaso de cer\u00e2mica com acabamento prateado e recorte em cruz permanecer\u00e1 uma luz orientadora para seus entes queridos por muitos anos. Este buqu\u00ea majestoso inclui hort\u00eansia azul, l\u00edrios asi\u00e1ticos brancos, alstroemeria branca, delf\u00ednio azul claro, moleiro empoeirado e pittosporum variegado.<\/p>\n","protected":false},"excerpt":{"rendered":"<p>T\u00e3o esperan\u00e7oso quanto um c\u00e9u azul brilhante, este belo arranjo de exuberantes hort\u00eansias azuis e perfumados l\u00edrios brancos \u00e9 um s\u00edmbolo sincero de paz e beleza.<\/p>\n","protected":false},"featured_media":5491,"comment_status":"open","ping_status":"closed","template":"","meta":[],"product_cat":[82],"product_tag":[84,83],"class_list":{"0":"post-5400","1":"product","2":"type-product","3":"status-publish","4":"has-post-thumbnail","6":"product_cat-vaso-buque","7":"product_tag-buque","8":"product_tag-vaso","10":"first","11":"instock","12":"taxable","13":"shipping-taxable","14":"purchasable","15":"product-type-simple"},"_links":{"self":[{"href":"https:\/\/grupofenix.info\/index.php\/wp-json\/wp\/v2\/product\/5400","targetHints":{"allow":["GET"]}}],"collection":[{"href":"https:\/\/grupofenix.info\/index.php\/wp-json\/wp\/v2\/product"}],"about":[{"href":"https:\/\/grupofenix.info\/index.php\/wp-json\/wp\/v2\/types\/product"}],"replies":[{"embeddable":true,"href":"https:\/\/grupofenix.info\/index.php\/wp-json\/wp\/v2\/comments?post=5400"}],"version-history":[{"count":3,"href":"https:\/\/grupofenix.info\/index.php\/wp-json\/wp\/v2\/product\/5400\/revisions"}],"predecessor-version":[{"id":5537,"href":"https:\/\/grupofenix.info\/index.php\/wp-json\/wp\/v2\/product\/5400\/revisions\/5537"}],"wp:featuredmedia":[{"embeddable":true,"href":"https:\/\/grupofenix.info\/index.php\/wp-json\/wp\/v2\/media\/5491"}],"wp:attachment":[{"href":"https:\/\/grupofenix.info\/index.php\/wp-json\/wp\/v2\/media?parent=5400"}],"wp:term":[{"taxonomy":"product_cat","embeddable":true,"href":"https:\/\/grupofenix.info\/index.php\/wp-json\/wp\/v2\/product_cat?post=5400"},{"taxonomy":"product_tag","embeddable":true,"href":"https:\/\/grupofenix.info\/index.php\/wp-json\/wp\/v2\/product_tag?post=5400"}],"curies":[{"name":"wp","href":"https:\/\/api.w.org\/{rel}","templated":true}]}}