{"id":5399,"date":"2024-05-15T17:59:48","date_gmt":"2024-05-15T20:59:48","guid":{"rendered":"https:\/\/grupofenix.info\/?post_type=product&#038;p=5399"},"modified":"2024-07-18T15:50:43","modified_gmt":"2024-07-18T18:50:43","slug":"amigo-querido","status":"publish","type":"product","link":"https:\/\/grupofenix.info\/index.php\/product\/amigo-querido\/","title":{"rendered":"AMIGO QUERIDO"},"content":{"rendered":"<p>Rosas brancas brilhantes e l\u00edrios peruanos s\u00e3o acentuados por verdes exuberantes e maravilhosamente dispostos em um vaso de vidro transparente. Esperamos sinceramente que este buqu\u00ea feito \u00e0 m\u00e3o traga paz e mostre o quanto voc\u00ea se importa.<\/p>\n","protected":false},"excerpt":{"rendered":"<p>O buqu\u00ea Amigo Querido oferece conforto e simpatia em momentos de luto e perda.<\/p>\n","protected":false},"featured_media":5496,"comment_status":"open","ping_status":"closed","template":"","meta":[],"product_cat":[82],"product_tag":[84,83],"class_list":{"0":"post-5399","1":"product","2":"type-product","3":"status-publish","4":"has-post-thumbnail","6":"product_cat-vaso-buque","7":"product_tag-buque","8":"product_tag-vaso","10":"first","11":"instock","12":"taxable","13":"shipping-taxable","14":"purchasable","15":"product-type-simple"},"_links":{"self":[{"href":"https:\/\/grupofenix.info\/index.php\/wp-json\/wp\/v2\/product\/5399","targetHints":{"allow":["GET"]}}],"collection":[{"href":"https:\/\/grupofenix.info\/index.php\/wp-json\/wp\/v2\/product"}],"about":[{"href":"https:\/\/grupofenix.info\/index.php\/wp-json\/wp\/v2\/types\/product"}],"replies":[{"embeddable":true,"href":"https:\/\/grupofenix.info\/index.php\/wp-json\/wp\/v2\/comments?post=5399"}],"version-history":[{"count":2,"href":"https:\/\/grupofenix.info\/index.php\/wp-json\/wp\/v2\/product\/5399\/revisions"}],"predecessor-version":[{"id":5553,"href":"https:\/\/grupofenix.info\/index.php\/wp-json\/wp\/v2\/product\/5399\/revisions\/5553"}],"wp:featuredmedia":[{"embeddable":true,"href":"https:\/\/grupofenix.info\/index.php\/wp-json\/wp\/v2\/media\/5496"}],"wp:attachment":[{"href":"https:\/\/grupofenix.info\/index.php\/wp-json\/wp\/v2\/media?parent=5399"}],"wp:term":[{"taxonomy":"product_cat","embeddable":true,"href":"https:\/\/grupofenix.info\/index.php\/wp-json\/wp\/v2\/product_cat?post=5399"},{"taxonomy":"product_tag","embeddable":true,"href":"https:\/\/grupofenix.info\/index.php\/wp-json\/wp\/v2\/product_tag?post=5399"}],"curies":[{"name":"wp","href":"https:\/\/api.w.org\/{rel}","templated":true}]}}