{"id":5397,"date":"2024-05-15T17:59:48","date_gmt":"2024-05-15T20:59:48","guid":{"rendered":"https:\/\/grupofenix.info\/?post_type=product&#038;p=5397"},"modified":"2024-07-18T15:49:30","modified_gmt":"2024-07-18T18:49:30","slug":"lavanda-amor-e-paz","status":"publish","type":"product","link":"https:\/\/grupofenix.info\/index.php\/product\/lavanda-amor-e-paz\/","title":{"rendered":"LAVANDA AMOR E PAZ"},"content":{"rendered":"<p>A combina\u00e7\u00e3o das cores rosa suave, p\u00eassego, roxo e verde claro \u00e9 linda. Cada linda flor em nosso buqu\u00ea de Lavanda Amor e Paz \u00e9 complementada por um vaso elegante para levant\u00e1-las.<\/p>\n","protected":false},"excerpt":{"rendered":"<p>Envie suas condol\u00eancias com um lindo arranjo de simpatia que inclui hort\u00eansias, rosas em spray, alstroemeria.<\/p>\n","protected":false},"featured_media":5482,"comment_status":"open","ping_status":"closed","template":"","meta":[],"product_cat":[82],"product_tag":[84,83],"class_list":{"0":"post-5397","1":"product","2":"type-product","3":"status-publish","4":"has-post-thumbnail","6":"product_cat-vaso-buque","7":"product_tag-buque","8":"product_tag-vaso","10":"first","11":"instock","12":"taxable","13":"shipping-taxable","14":"purchasable","15":"product-type-simple"},"_links":{"self":[{"href":"https:\/\/grupofenix.info\/index.php\/wp-json\/wp\/v2\/product\/5397","targetHints":{"allow":["GET"]}}],"collection":[{"href":"https:\/\/grupofenix.info\/index.php\/wp-json\/wp\/v2\/product"}],"about":[{"href":"https:\/\/grupofenix.info\/index.php\/wp-json\/wp\/v2\/types\/product"}],"replies":[{"embeddable":true,"href":"https:\/\/grupofenix.info\/index.php\/wp-json\/wp\/v2\/comments?post=5397"}],"version-history":[{"count":3,"href":"https:\/\/grupofenix.info\/index.php\/wp-json\/wp\/v2\/product\/5397\/revisions"}],"predecessor-version":[{"id":5546,"href":"https:\/\/grupofenix.info\/index.php\/wp-json\/wp\/v2\/product\/5397\/revisions\/5546"}],"wp:featuredmedia":[{"embeddable":true,"href":"https:\/\/grupofenix.info\/index.php\/wp-json\/wp\/v2\/media\/5482"}],"wp:attachment":[{"href":"https:\/\/grupofenix.info\/index.php\/wp-json\/wp\/v2\/media?parent=5397"}],"wp:term":[{"taxonomy":"product_cat","embeddable":true,"href":"https:\/\/grupofenix.info\/index.php\/wp-json\/wp\/v2\/product_cat?post=5397"},{"taxonomy":"product_tag","embeddable":true,"href":"https:\/\/grupofenix.info\/index.php\/wp-json\/wp\/v2\/product_tag?post=5397"}],"curies":[{"name":"wp","href":"https:\/\/api.w.org\/{rel}","templated":true}]}}