{"id":5396,"date":"2024-05-15T17:59:48","date_gmt":"2024-05-15T20:59:48","guid":{"rendered":"https:\/\/grupofenix.info\/?post_type=product&#038;p=5396"},"modified":"2024-07-18T15:48:26","modified_gmt":"2024-07-18T18:48:26","slug":"vida-brilhante","status":"publish","type":"product","link":"https:\/\/grupofenix.info\/index.php\/product\/vida-brilhante\/","title":{"rendered":"VIDA BRILHANTE"},"content":{"rendered":"<p>Graciosamente apresentado em um vaso de cer\u00e2mica brilhante com acabamento prateado e recorte em cruz &#8211; um comovente tributo a uma vida brilhante. Este glorioso arranjo inclui rosas rosa choque, l\u00edrios asi\u00e1ticos rosa, alstroemeria amarela, caldo de lavanda, cris\u00e2ntemos em spray de margarida lavanda, mirtilo e samambaia de folha de couro.<\/p>\n","protected":false},"excerpt":{"rendered":"<p>Mostre a eles o quanto voc\u00ea se importa com este arranjo lindamente brilhante, mas reverente, de rosas, l\u00edrios e alstroemeria.<\/p>\n","protected":false},"featured_media":5471,"comment_status":"open","ping_status":"closed","template":"","meta":[],"product_cat":[82],"product_tag":[84,83],"class_list":{"0":"post-5396","1":"product","2":"type-product","3":"status-publish","4":"has-post-thumbnail","6":"product_cat-vaso-buque","7":"product_tag-buque","8":"product_tag-vaso","10":"first","11":"instock","12":"taxable","13":"shipping-taxable","14":"purchasable","15":"product-type-simple"},"_links":{"self":[{"href":"https:\/\/grupofenix.info\/index.php\/wp-json\/wp\/v2\/product\/5396","targetHints":{"allow":["GET"]}}],"collection":[{"href":"https:\/\/grupofenix.info\/index.php\/wp-json\/wp\/v2\/product"}],"about":[{"href":"https:\/\/grupofenix.info\/index.php\/wp-json\/wp\/v2\/types\/product"}],"replies":[{"embeddable":true,"href":"https:\/\/grupofenix.info\/index.php\/wp-json\/wp\/v2\/comments?post=5396"}],"version-history":[{"count":2,"href":"https:\/\/grupofenix.info\/index.php\/wp-json\/wp\/v2\/product\/5396\/revisions"}],"predecessor-version":[{"id":5544,"href":"https:\/\/grupofenix.info\/index.php\/wp-json\/wp\/v2\/product\/5396\/revisions\/5544"}],"wp:featuredmedia":[{"embeddable":true,"href":"https:\/\/grupofenix.info\/index.php\/wp-json\/wp\/v2\/media\/5471"}],"wp:attachment":[{"href":"https:\/\/grupofenix.info\/index.php\/wp-json\/wp\/v2\/media?parent=5396"}],"wp:term":[{"taxonomy":"product_cat","embeddable":true,"href":"https:\/\/grupofenix.info\/index.php\/wp-json\/wp\/v2\/product_cat?post=5396"},{"taxonomy":"product_tag","embeddable":true,"href":"https:\/\/grupofenix.info\/index.php\/wp-json\/wp\/v2\/product_tag?post=5396"}],"curies":[{"name":"wp","href":"https:\/\/api.w.org\/{rel}","templated":true}]}}