{"id":5395,"date":"2024-05-15T17:59:48","date_gmt":"2024-05-15T20:59:48","guid":{"rendered":"https:\/\/grupofenix.info\/?post_type=product&#038;p=5395"},"modified":"2024-07-18T15:47:36","modified_gmt":"2024-07-18T18:47:36","slug":"sempre-lembrado","status":"publish","type":"product","link":"https:\/\/grupofenix.info\/index.php\/product\/sempre-lembrado\/","title":{"rendered":"SEMPRE LEMBRADO"},"content":{"rendered":"<p>Tulipas roxas, delf\u00ednio azul, mini copos-de-leite lavanda, cravos roxos, espora lavanda e hort\u00eansia verde est\u00e3o maravilhosamente dispostos em um vaso de vidro de designer. Esta \u00e9 uma homenagem especial que transmitir\u00e1 suas sinceras condol\u00eancias.<\/p>\n","protected":false},"excerpt":{"rendered":"<p>O buqu\u00ea Sempre Lembrado \u00e9 um s\u00edmbolo colorido de uma vida que nunca ser\u00e1 esquecida.<\/p>\n","protected":false},"featured_media":5477,"comment_status":"open","ping_status":"closed","template":"","meta":[],"product_cat":[82],"product_tag":[84,83],"class_list":{"0":"post-5395","1":"product","2":"type-product","3":"status-publish","4":"has-post-thumbnail","6":"product_cat-vaso-buque","7":"product_tag-buque","8":"product_tag-vaso","10":"first","11":"instock","12":"taxable","13":"shipping-taxable","14":"purchasable","15":"product-type-simple"},"_links":{"self":[{"href":"https:\/\/grupofenix.info\/index.php\/wp-json\/wp\/v2\/product\/5395","targetHints":{"allow":["GET"]}}],"collection":[{"href":"https:\/\/grupofenix.info\/index.php\/wp-json\/wp\/v2\/product"}],"about":[{"href":"https:\/\/grupofenix.info\/index.php\/wp-json\/wp\/v2\/types\/product"}],"replies":[{"embeddable":true,"href":"https:\/\/grupofenix.info\/index.php\/wp-json\/wp\/v2\/comments?post=5395"}],"version-history":[{"count":2,"href":"https:\/\/grupofenix.info\/index.php\/wp-json\/wp\/v2\/product\/5395\/revisions"}],"predecessor-version":[{"id":5543,"href":"https:\/\/grupofenix.info\/index.php\/wp-json\/wp\/v2\/product\/5395\/revisions\/5543"}],"wp:featuredmedia":[{"embeddable":true,"href":"https:\/\/grupofenix.info\/index.php\/wp-json\/wp\/v2\/media\/5477"}],"wp:attachment":[{"href":"https:\/\/grupofenix.info\/index.php\/wp-json\/wp\/v2\/media?parent=5395"}],"wp:term":[{"taxonomy":"product_cat","embeddable":true,"href":"https:\/\/grupofenix.info\/index.php\/wp-json\/wp\/v2\/product_cat?post=5395"},{"taxonomy":"product_tag","embeddable":true,"href":"https:\/\/grupofenix.info\/index.php\/wp-json\/wp\/v2\/product_tag?post=5395"}],"curies":[{"name":"wp","href":"https:\/\/api.w.org\/{rel}","templated":true}]}}