{"id":5393,"date":"2024-05-15T17:59:48","date_gmt":"2024-05-15T20:59:48","guid":{"rendered":"https:\/\/grupofenix.info\/?post_type=product&#038;p=5393"},"modified":"2024-07-18T15:46:09","modified_gmt":"2024-07-18T18:46:09","slug":"eternidade","status":"publish","type":"product","link":"https:\/\/grupofenix.info\/index.php\/product\/eternidade\/","title":{"rendered":"ETERNIDADE"},"content":{"rendered":"<p>Uma pe\u00e7a simplesmente deslumbrante, o arranjo da Eternidade \u00e9 impressionante para um servi\u00e7o memorial<\/p>\n","protected":false},"excerpt":{"rendered":"<p>Flores brancas perfumadas circundam uma urna nesta exuberante.<\/p>\n","protected":false},"featured_media":5501,"comment_status":"open","ping_status":"closed","template":"","meta":[],"product_cat":[81],"product_tag":[67],"class_list":{"0":"post-5393","1":"product","2":"type-product","3":"status-publish","4":"has-post-thumbnail","6":"product_cat-arranjo-de-urna","7":"product_tag-arranjos","9":"first","10":"instock","11":"taxable","12":"shipping-taxable","13":"purchasable","14":"product-type-simple"},"_links":{"self":[{"href":"https:\/\/grupofenix.info\/index.php\/wp-json\/wp\/v2\/product\/5393","targetHints":{"allow":["GET"]}}],"collection":[{"href":"https:\/\/grupofenix.info\/index.php\/wp-json\/wp\/v2\/product"}],"about":[{"href":"https:\/\/grupofenix.info\/index.php\/wp-json\/wp\/v2\/types\/product"}],"replies":[{"embeddable":true,"href":"https:\/\/grupofenix.info\/index.php\/wp-json\/wp\/v2\/comments?post=5393"}],"version-history":[{"count":2,"href":"https:\/\/grupofenix.info\/index.php\/wp-json\/wp\/v2\/product\/5393\/revisions"}],"predecessor-version":[{"id":5541,"href":"https:\/\/grupofenix.info\/index.php\/wp-json\/wp\/v2\/product\/5393\/revisions\/5541"}],"wp:featuredmedia":[{"embeddable":true,"href":"https:\/\/grupofenix.info\/index.php\/wp-json\/wp\/v2\/media\/5501"}],"wp:attachment":[{"href":"https:\/\/grupofenix.info\/index.php\/wp-json\/wp\/v2\/media?parent=5393"}],"wp:term":[{"taxonomy":"product_cat","embeddable":true,"href":"https:\/\/grupofenix.info\/index.php\/wp-json\/wp\/v2\/product_cat?post=5393"},{"taxonomy":"product_tag","embeddable":true,"href":"https:\/\/grupofenix.info\/index.php\/wp-json\/wp\/v2\/product_tag?post=5393"}],"curies":[{"name":"wp","href":"https:\/\/api.w.org\/{rel}","templated":true}]}}