{"id":5389,"date":"2024-05-15T17:59:47","date_gmt":"2024-05-15T20:59:47","guid":{"rendered":"https:\/\/grupofenix.info\/?post_type=product&#038;p=5389"},"modified":"2024-07-18T15:39:48","modified_gmt":"2024-07-18T18:39:48","slug":"alma-amada","status":"publish","type":"product","link":"https:\/\/grupofenix.info\/index.php\/product\/alma-amada\/","title":{"rendered":"ALMA AMADA"},"content":{"rendered":"<p>Flores vibrantes em rosa e branco se re\u00fanem ao redor da urna para homenagear a vida de algu\u00e9m com um cora\u00e7\u00e3o maravilhoso e um sorriso caloroso.<\/p>\n","protected":false},"excerpt":{"rendered":"<p>Esta linda guirlanda de urna \u00e9 uma celebra\u00e7\u00e3o de algu\u00e9m verdadeiramente amado e querido pela fam\u00edlia e amigos<\/p>\n","protected":false},"featured_media":5502,"comment_status":"open","ping_status":"closed","template":"","meta":[],"product_cat":[81],"product_tag":[67],"class_list":{"0":"post-5389","1":"product","2":"type-product","3":"status-publish","4":"has-post-thumbnail","6":"product_cat-arranjo-de-urna","7":"product_tag-arranjos","9":"first","10":"instock","11":"taxable","12":"shipping-taxable","13":"purchasable","14":"product-type-simple"},"_links":{"self":[{"href":"https:\/\/grupofenix.info\/index.php\/wp-json\/wp\/v2\/product\/5389","targetHints":{"allow":["GET"]}}],"collection":[{"href":"https:\/\/grupofenix.info\/index.php\/wp-json\/wp\/v2\/product"}],"about":[{"href":"https:\/\/grupofenix.info\/index.php\/wp-json\/wp\/v2\/types\/product"}],"replies":[{"embeddable":true,"href":"https:\/\/grupofenix.info\/index.php\/wp-json\/wp\/v2\/comments?post=5389"}],"version-history":[{"count":3,"href":"https:\/\/grupofenix.info\/index.php\/wp-json\/wp\/v2\/product\/5389\/revisions"}],"predecessor-version":[{"id":5557,"href":"https:\/\/grupofenix.info\/index.php\/wp-json\/wp\/v2\/product\/5389\/revisions\/5557"}],"wp:featuredmedia":[{"embeddable":true,"href":"https:\/\/grupofenix.info\/index.php\/wp-json\/wp\/v2\/media\/5502"}],"wp:attachment":[{"href":"https:\/\/grupofenix.info\/index.php\/wp-json\/wp\/v2\/media?parent=5389"}],"wp:term":[{"taxonomy":"product_cat","embeddable":true,"href":"https:\/\/grupofenix.info\/index.php\/wp-json\/wp\/v2\/product_cat?post=5389"},{"taxonomy":"product_tag","embeddable":true,"href":"https:\/\/grupofenix.info\/index.php\/wp-json\/wp\/v2\/product_tag?post=5389"}],"curies":[{"name":"wp","href":"https:\/\/api.w.org\/{rel}","templated":true}]}}