{"id":4587,"date":"2024-04-02T21:09:56","date_gmt":"2024-04-03T00:09:56","guid":{"rendered":"https:\/\/grupofenix.info\/?page_id=4587"},"modified":"2024-04-02T21:27:43","modified_gmt":"2024-04-03T00:27:43","slug":"diferenciais","status":"publish","type":"page","link":"https:\/\/grupofenix.info\/index.php\/diferenciais\/","title":{"rendered":"Diferenciais"},"content":{"rendered":"\t\t<div data-elementor-type=\"wp-page\" data-elementor-id=\"4587\" class=\"elementor elementor-4587\">\n\t\t\t\t<div class=\"elementor-element elementor-element-2143988 e-flex e-con-boxed e-con e-parent\" data-id=\"2143988\" data-element_type=\"container\">\n\t\t\t\t\t<div class=\"e-con-inner\">\n\t\t\t\t\t<\/div>\n\t\t\t\t<\/div>\n\t\t<div class=\"elementor-element elementor-element-23f1d41 e-grid e-con-boxed e-con e-parent\" data-id=\"23f1d41\" data-element_type=\"container\">\n\t\t\t\t\t<div class=\"e-con-inner\">\n\t\t\t\t<div class=\"elementor-element elementor-element-9a3adc1 elementor-widget elementor-widget-vankine-title-v1\" data-id=\"9a3adc1\" data-element_type=\"widget\" data-widget_type=\"vankine-title-v1.default\">\n\t\t\t\t<div class=\"elementor-widget-container\">\n\t\t\t                    <div class=\"section_title type_one\">\r\n                            <h4 class=\"sm_title\"> Oferecemos <\/h4>\r\n                                        <div class=\"title_whole\">\r\n                                            <h2 class=\"title\"> Tranquilidade para a Fam\u00edlia em Momentos Dif\u00edceis  <\/h2>\r\n                                    <\/div>\r\n                                <\/div>\r\n            \r\n\r\n    \t\t<\/div>\n\t\t\t\t<\/div>\n\t\t\t\t<div class=\"elementor-element elementor-element-6fc5546 elementor-widget elementor-widget-vankine-text-editor-v1\" data-id=\"6fc5546\" data-element_type=\"widget\" data-widget_type=\"vankine-text-editor-v1.default\">\n\t\t\t\t<div class=\"elementor-widget-container\">\n\t\t\t   <div class=\"position-relative position_p_relative\">\r\n        <p>Em um momento de perda repentina ou falecimento, a fam\u00edlia j\u00e1 estar\u00e1 amparada com um suporte especializado. Isso proporciona tranquilidade emocional e alivia a carga financeira. Todos os detalhes ser\u00e3o cuidadosamente organizados, permitindo que a fam\u00edlia se concentre em honrar e lembrar o ente querido.<\/p>    <\/div>\r\n\t\t<\/div>\n\t\t\t\t<\/div>\n\t\t\t\t\t<\/div>\n\t\t\t\t<\/div>\n\t\t\t\t<section class=\"elementor-section elementor-top-section elementor-element elementor-element-53a9a142 elementor-section-boxed elementor-section-height-default elementor-section-height-default\" data-id=\"53a9a142\" data-element_type=\"section\">\n\t\t\t\t\t\t<div class=\"elementor-container elementor-column-gap-default\">\n\t\t\t\t\t<div class=\"elementor-column elementor-col-100 elementor-top-column elementor-element elementor-element-7ec31d4a\" data-id=\"7ec31d4a\" data-element_type=\"column\">\n\t\t\t<div class=\"elementor-widget-wrap elementor-element-populated\">\n\t\t\t\t\t\t<div class=\"elementor-element elementor-element-19e62500 elementor-widget elementor-widget-vankine-service-v1\" data-id=\"19e62500\" data-element_type=\"widget\" data-widget_type=\"vankine-service-v1.default\">\n\t\t\t\t<div class=\"elementor-widget-container\">\n\t\t\t<section\r\n    class=\"service_post position-relative  ajax_service_enabled \">\r\n    <div class=\"row ajaxservicecontainer\">\r\n                                                <div class=\"col-xl-4 col-lg-4 col-md-6 col-sm-6 ajax-service-wrapper\">\r\n            <div\r\n                class=\"service_box type_six hover_1_get borenable  trans\">\r\n                <div class=\"d-flex trans\">\r\n                                        <div class=\"icon trans\">\r\n                        <i class=\" fi-rr-flower-bouquet trans\"><\/i>\r\n                    <\/div>\r\n                                        <div class=\"title_22\">\r\n                        <a href=\"https:\/\/grupofenix.info\/index.php\/service\/servicos-personalizados\/\">Servi\u00e7os Personalizados<\/a>                    <\/div>\r\n                <\/div>\r\n\r\n                                <a href=\"https:\/\/grupofenix.info\/index.php\/service\/servicos-personalizados\/\" class=\"img_bx\">\r\n                    <div class=\"image trans hover_1\">\r\n                        <img decoding=\"async\" class=\"img-fluid\" src=\"https:\/\/grupofenix.info\/wp-content\/uploads\/2024\/03\/GrupoFenix_12.jpg\"\r\n                            alt=\"Servi\u00e7os Personalizados\" \/>\r\n                        <div class=\"oh ho_1\"><\/div>\r\n                        <div class=\"oh ho_2\"><\/div>\r\n                        <div class=\"oh ho_3\"><\/div>\r\n                        <div class=\"oh ho_4\"><\/div>\r\n                    <\/div>\r\n                <\/a>\r\n                 \r\n                <div class=\"content\">\r\n                                                            <p class=\"trans\">\r\n                        Adaptamos os servi\u00e7os para atender \u00e0s prefer\u00eancias e cren\u00e7as de cada fam\u00edlia: cerim\u00f4nia, ornamenta\u00e7\u00e3o e&hellip;                    <\/p>\r\n                                         \r\n                    <a href=\"https:\/\/grupofenix.info\/index.php\/service\/servicos-personalizados\/\" class=\"theme_btn\">\r\n                        Saiba mais                        <svg width=\"12\" height=\"12\" viewBox=\"0 0 12 12\" fill=\"none\" xmlns=\"http:\/\/www.w3.org\/2000\/svg\">\r\n                            <path d=\"M1 11L11 1L1 11ZM11 1H3.5H11ZM11 1V8.5V1Z\" fill=\"#696E77\" \/>\r\n                            <path d=\"M1 11L11 1M11 1H3.5M11 1V8.5\" stroke=\"#696E77\" stroke-width=\"1.5\"\r\n                                stroke-linecap=\"round\" stroke-linejoin=\"round\" \/>\r\n                        <\/svg>\r\n                    <\/a>\r\n                <\/div>\r\n            <\/div>\r\n        <\/div>\r\n\r\n                        \r\n                                        <div class=\"col-xl-4 col-lg-4 col-md-6 col-sm-6 ajax-service-wrapper\">\r\n            <div\r\n                class=\"service_box type_six hover_1_get borenable  trans\">\r\n                <div class=\"d-flex trans\">\r\n                                        <div class=\"icon trans\">\r\n                        <i class=\" fi-rr-asterik trans\"><\/i>\r\n                    <\/div>\r\n                                        <div class=\"title_22\">\r\n                        <a href=\"https:\/\/grupofenix.info\/index.php\/service\/experiencia-e-profissionalismo\/\">Experi\u00eancia e Profissionalismo<\/a>                    <\/div>\r\n                <\/div>\r\n\r\n                                <a href=\"https:\/\/grupofenix.info\/index.php\/service\/experiencia-e-profissionalismo\/\" class=\"img_bx\">\r\n                    <div class=\"image trans hover_1\">\r\n                        <img decoding=\"async\" class=\"img-fluid\" src=\"https:\/\/grupofenix.info\/wp-content\/uploads\/2024\/03\/GrupoFenix_11.jpg\"\r\n                            alt=\"Experi\u00eancia e Profissionalismo\" \/>\r\n                        <div class=\"oh ho_1\"><\/div>\r\n                        <div class=\"oh ho_2\"><\/div>\r\n                        <div class=\"oh ho_3\"><\/div>\r\n                        <div class=\"oh ho_4\"><\/div>\r\n                    <\/div>\r\n                <\/a>\r\n                 \r\n                <div class=\"content\">\r\n                                                            <p class=\"trans\">\r\n                        Grupo F\u00eanix tem uma longa hist\u00f3ria no setor funer\u00e1rio e servi\u00e7os de alta qualidade.                    <\/p>\r\n                                         \r\n                    <a href=\"https:\/\/grupofenix.info\/index.php\/service\/experiencia-e-profissionalismo\/\" class=\"theme_btn\">\r\n                        Saiba mais                        <svg width=\"12\" height=\"12\" viewBox=\"0 0 12 12\" fill=\"none\" xmlns=\"http:\/\/www.w3.org\/2000\/svg\">\r\n                            <path d=\"M1 11L11 1L1 11ZM11 1H3.5H11ZM11 1V8.5V1Z\" fill=\"#696E77\" \/>\r\n                            <path d=\"M1 11L11 1M11 1H3.5M11 1V8.5\" stroke=\"#696E77\" stroke-width=\"1.5\"\r\n                                stroke-linecap=\"round\" stroke-linejoin=\"round\" \/>\r\n                        <\/svg>\r\n                    <\/a>\r\n                <\/div>\r\n            <\/div>\r\n        <\/div>\r\n\r\n                        \r\n                                        <div class=\"col-xl-4 col-lg-4 col-md-6 col-sm-6 ajax-service-wrapper\">\r\n            <div\r\n                class=\"service_box type_six hover_1_get borenable  trans\">\r\n                <div class=\"d-flex trans\">\r\n                                        <div class=\"icon trans\">\r\n                        <i class=\" fi-rr-heart trans\"><\/i>\r\n                    <\/div>\r\n                                        <div class=\"title_22\">\r\n                        <a href=\"https:\/\/grupofenix.info\/index.php\/service\/nosso-compromisso-com-a-dignidade\/\">Nosso Compromisso com a Dignidade<\/a>                    <\/div>\r\n                <\/div>\r\n\r\n                                <a href=\"https:\/\/grupofenix.info\/index.php\/service\/nosso-compromisso-com-a-dignidade\/\" class=\"img_bx\">\r\n                    <div class=\"image trans hover_1\">\r\n                        <img decoding=\"async\" class=\"img-fluid\" src=\"https:\/\/grupofenix.info\/wp-content\/uploads\/2024\/03\/GrupoFenix_10.jpg\"\r\n                            alt=\"Nosso Compromisso com a Dignidade\" \/>\r\n                        <div class=\"oh ho_1\"><\/div>\r\n                        <div class=\"oh ho_2\"><\/div>\r\n                        <div class=\"oh ho_3\"><\/div>\r\n                        <div class=\"oh ho_4\"><\/div>\r\n                    <\/div>\r\n                <\/a>\r\n                 \r\n                <div class=\"content\">\r\n                                                            <p class=\"trans\">\r\n                        Atendemos cada fam\u00edlia com respeito, honra e dignidade durante esses momentos dif\u00edceis.                    <\/p>\r\n                                         \r\n                    <a href=\"https:\/\/grupofenix.info\/index.php\/service\/nosso-compromisso-com-a-dignidade\/\" class=\"theme_btn\">\r\n                        Saiba mais                        <svg width=\"12\" height=\"12\" viewBox=\"0 0 12 12\" fill=\"none\" xmlns=\"http:\/\/www.w3.org\/2000\/svg\">\r\n                            <path d=\"M1 11L11 1L1 11ZM11 1H3.5H11ZM11 1V8.5V1Z\" fill=\"#696E77\" \/>\r\n                            <path d=\"M1 11L11 1M11 1H3.5M11 1V8.5\" stroke=\"#696E77\" stroke-width=\"1.5\"\r\n                                stroke-linecap=\"round\" stroke-linejoin=\"round\" \/>\r\n                        <\/svg>\r\n                    <\/a>\r\n                <\/div>\r\n            <\/div>\r\n        <\/div>\r\n\r\n                        \r\n                            <\/div>\r\n    <!--End tab-content-->\r\n        <div class=\"row\">\r\n        <div class=\"col-lg-12\">\r\n            <div class=\"pagination-area pagination\">\r\n\r\n                            <\/div>\r\n        <\/div>\r\n    <\/div>\r\n    <\/section>\r\n\r\n\t\t<\/div>\n\t\t\t\t<\/div>\n\t\t\t\t<div class=\"elementor-element elementor-element-0670576 elementor-widget elementor-widget-vankine-service-v1\" data-id=\"0670576\" data-element_type=\"widget\" data-widget_type=\"vankine-service-v1.default\">\n\t\t\t\t<div class=\"elementor-widget-container\">\n\t\t\t<section\r\n    class=\"service_post position-relative  ajax_service_enabled \">\r\n    <div class=\"row ajaxservicecontainer\">\r\n                                                <div class=\"col-xl-4 col-lg-4 col-md-6 col-sm-6 ajax-service-wrapper\">\r\n            <div\r\n                class=\"service_box type_six hover_1_get borenable  trans\">\r\n                <div class=\"d-flex trans\">\r\n                                        <div class=\"icon trans\">\r\n                        <i class=\" fi-rs-users trans\"><\/i>\r\n                    <\/div>\r\n                                        <div class=\"title_22\">\r\n                        <a href=\"https:\/\/grupofenix.info\/index.php\/service\/atendimento-ao-cliente\/\">Atendimento ao Cliente<\/a>                    <\/div>\r\n                <\/div>\r\n\r\n                                <a href=\"https:\/\/grupofenix.info\/index.php\/service\/atendimento-ao-cliente\/\" class=\"img_bx\">\r\n                    <div class=\"image trans hover_1\">\r\n                        <img decoding=\"async\" class=\"img-fluid\" src=\"https:\/\/grupofenix.info\/wp-content\/uploads\/2024\/04\/GrupoFenix_47.jpg\"\r\n                            alt=\"Atendimento ao Cliente\" \/>\r\n                        <div class=\"oh ho_1\"><\/div>\r\n                        <div class=\"oh ho_2\"><\/div>\r\n                        <div class=\"oh ho_3\"><\/div>\r\n                        <div class=\"oh ho_4\"><\/div>\r\n                    <\/div>\r\n                <\/a>\r\n                 \r\n                <div class=\"content\">\r\n                                                            <p class=\"trans\">\r\n                        Somos uma equipe sens\u00edveis, compreensivos e dispostos a responder a todas as suas perguntas                    <\/p>\r\n                                         \r\n                    <a href=\"https:\/\/grupofenix.info\/index.php\/service\/atendimento-ao-cliente\/\" class=\"theme_btn\">\r\n                        Saiba mais                        <svg width=\"12\" height=\"12\" viewBox=\"0 0 12 12\" fill=\"none\" xmlns=\"http:\/\/www.w3.org\/2000\/svg\">\r\n                            <path d=\"M1 11L11 1L1 11ZM11 1H3.5H11ZM11 1V8.5V1Z\" fill=\"#696E77\" \/>\r\n                            <path d=\"M1 11L11 1M11 1H3.5M11 1V8.5\" stroke=\"#696E77\" stroke-width=\"1.5\"\r\n                                stroke-linecap=\"round\" stroke-linejoin=\"round\" \/>\r\n                        <\/svg>\r\n                    <\/a>\r\n                <\/div>\r\n            <\/div>\r\n        <\/div>\r\n\r\n                        \r\n                                        <div class=\"col-xl-4 col-lg-4 col-md-6 col-sm-6 ajax-service-wrapper\">\r\n            <div\r\n                class=\"service_box type_six hover_1_get borenable  trans\">\r\n                <div class=\"d-flex trans\">\r\n                                        <div class=\"icon trans\">\r\n                        <i class=\" flaticon-salary trans\"><\/i>\r\n                    <\/div>\r\n                                        <div class=\"title_22\">\r\n                        <a href=\"https:\/\/grupofenix.info\/index.php\/service\/transparencia-e-custos\/\">Transpar\u00eancia e Custos<\/a>                    <\/div>\r\n                <\/div>\r\n\r\n                                <a href=\"https:\/\/grupofenix.info\/index.php\/service\/transparencia-e-custos\/\" class=\"img_bx\">\r\n                    <div class=\"image trans hover_1\">\r\n                        <img decoding=\"async\" class=\"img-fluid\" src=\"https:\/\/grupofenix.info\/wp-content\/uploads\/2024\/04\/GrupoFenix_42.jpg\"\r\n                            alt=\"Transpar\u00eancia e Custos\" \/>\r\n                        <div class=\"oh ho_1\"><\/div>\r\n                        <div class=\"oh ho_2\"><\/div>\r\n                        <div class=\"oh ho_3\"><\/div>\r\n                        <div class=\"oh ho_4\"><\/div>\r\n                    <\/div>\r\n                <\/a>\r\n                 \r\n                <div class=\"content\">\r\n                                                            <p class=\"trans\">\r\n                        Uma funer\u00e1ria confi\u00e1vel deve ser transparente sobre seus pre\u00e7os e os servi\u00e7os inclusos em cada&hellip;                    <\/p>\r\n                                         \r\n                    <a href=\"https:\/\/grupofenix.info\/index.php\/service\/transparencia-e-custos\/\" class=\"theme_btn\">\r\n                        Saiba mais                        <svg width=\"12\" height=\"12\" viewBox=\"0 0 12 12\" fill=\"none\" xmlns=\"http:\/\/www.w3.org\/2000\/svg\">\r\n                            <path d=\"M1 11L11 1L1 11ZM11 1H3.5H11ZM11 1V8.5V1Z\" fill=\"#696E77\" \/>\r\n                            <path d=\"M1 11L11 1M11 1H3.5M11 1V8.5\" stroke=\"#696E77\" stroke-width=\"1.5\"\r\n                                stroke-linecap=\"round\" stroke-linejoin=\"round\" \/>\r\n                        <\/svg>\r\n                    <\/a>\r\n                <\/div>\r\n            <\/div>\r\n        <\/div>\r\n\r\n                        \r\n                                        <div class=\"col-xl-4 col-lg-4 col-md-6 col-sm-6 ajax-service-wrapper\">\r\n            <div\r\n                class=\"service_box type_six hover_1_get borenable  trans\">\r\n                <div class=\"d-flex trans\">\r\n                                        <div class=\"icon trans\">\r\n                        <i class=\" fi-rr-map-marker trans\"><\/i>\r\n                    <\/div>\r\n                                        <div class=\"title_22\">\r\n                        <a href=\"https:\/\/grupofenix.info\/index.php\/service\/localizacao-e-acessibilidade\/\">Localiza\u00e7\u00e3o e acessibilidade<\/a>                    <\/div>\r\n                <\/div>\r\n\r\n                                <a href=\"https:\/\/grupofenix.info\/index.php\/service\/localizacao-e-acessibilidade\/\" class=\"img_bx\">\r\n                    <div class=\"image trans hover_1\">\r\n                        <img decoding=\"async\" class=\"img-fluid\" src=\"https:\/\/grupofenix.info\/wp-content\/uploads\/2024\/04\/GrupoFenix_48.jpg\"\r\n                            alt=\"Localiza\u00e7\u00e3o e acessibilidade\" \/>\r\n                        <div class=\"oh ho_1\"><\/div>\r\n                        <div class=\"oh ho_2\"><\/div>\r\n                        <div class=\"oh ho_3\"><\/div>\r\n                        <div class=\"oh ho_4\"><\/div>\r\n                    <\/div>\r\n                <\/a>\r\n                 \r\n                <div class=\"content\">\r\n                                                            <p class=\"trans\">\r\n                        Uma localiza\u00e7\u00e3o pr\u00f3xima pode simplificar a log\u00edstica para a fam\u00edlia e os visitantes.                    <\/p>\r\n                                         \r\n                    <a href=\"https:\/\/grupofenix.info\/index.php\/service\/localizacao-e-acessibilidade\/\" class=\"theme_btn\">\r\n                        Saiba mais                        <svg width=\"12\" height=\"12\" viewBox=\"0 0 12 12\" fill=\"none\" xmlns=\"http:\/\/www.w3.org\/2000\/svg\">\r\n                            <path d=\"M1 11L11 1L1 11ZM11 1H3.5H11ZM11 1V8.5V1Z\" fill=\"#696E77\" \/>\r\n                            <path d=\"M1 11L11 1M11 1H3.5M11 1V8.5\" stroke=\"#696E77\" stroke-width=\"1.5\"\r\n                                stroke-linecap=\"round\" stroke-linejoin=\"round\" \/>\r\n                        <\/svg>\r\n                    <\/a>\r\n                <\/div>\r\n            <\/div>\r\n        <\/div>\r\n\r\n                        \r\n                            <\/div>\r\n    <!--End tab-content-->\r\n        <div class=\"row\">\r\n        <div class=\"col-lg-12\">\r\n            <div class=\"pagination-area pagination\">\r\n\r\n                            <\/div>\r\n        <\/div>\r\n    <\/div>\r\n    <\/section>\r\n\r\n\t\t<\/div>\n\t\t\t\t<\/div>\n\t\t\t\t\t<\/div>\n\t\t<\/div>\n\t\t\t\t\t<\/div>\n\t\t<\/section>\n\t\t\t\t<\/div>\n\t\t","protected":false},"excerpt":{"rendered":"<p>Oferecemos Tranquilidade para a Fam\u00edlia em Momentos Dif\u00edceis Em um momento de perda repentina ou falecimento, a fam\u00edlia j\u00e1 estar\u00e1 amparada com um suporte especializado. Isso proporciona tranquilidade emocional e alivia a carga financeira. Todos os detalhes ser\u00e3o cuidadosamente organizados, permitindo que a fam\u00edlia se concentre em honrar e lembrar o ente querido. Servi\u00e7os Personalizados [&hellip;]<\/p>\n","protected":false},"author":1,"featured_media":0,"parent":0,"menu_order":0,"comment_status":"closed","ping_status":"closed","template":"template-fullwidth.php","meta":{"footnotes":""},"class_list":["post-4587","page","type-page","status-publish","hentry"],"_links":{"self":[{"href":"https:\/\/grupofenix.info\/index.php\/wp-json\/wp\/v2\/pages\/4587","targetHints":{"allow":["GET"]}}],"collection":[{"href":"https:\/\/grupofenix.info\/index.php\/wp-json\/wp\/v2\/pages"}],"about":[{"href":"https:\/\/grupofenix.info\/index.php\/wp-json\/wp\/v2\/types\/page"}],"author":[{"embeddable":true,"href":"https:\/\/grupofenix.info\/index.php\/wp-json\/wp\/v2\/users\/1"}],"replies":[{"embeddable":true,"href":"https:\/\/grupofenix.info\/index.php\/wp-json\/wp\/v2\/comments?post=4587"}],"version-history":[{"count":16,"href":"https:\/\/grupofenix.info\/index.php\/wp-json\/wp\/v2\/pages\/4587\/revisions"}],"predecessor-version":[{"id":4604,"href":"https:\/\/grupofenix.info\/index.php\/wp-json\/wp\/v2\/pages\/4587\/revisions\/4604"}],"wp:attachment":[{"href":"https:\/\/grupofenix.info\/index.php\/wp-json\/wp\/v2\/media?parent=4587"}],"curies":[{"name":"wp","href":"https:\/\/api.w.org\/{rel}","templated":true}]}}