{"id":35,"date":"2022-12-29T09:33:57","date_gmt":"2022-12-29T09:33:57","guid":{"rendered":"https:\/\/themepanthers.com\/wp\/vankine\/v1\/?page_id=35"},"modified":"2024-05-03T22:58:15","modified_gmt":"2024-05-04T01:58:15","slug":"memorial","status":"publish","type":"page","link":"https:\/\/grupofenix.info\/index.php\/memorial\/","title":{"rendered":"Memorial Digital"},"content":{"rendered":"\t\t<div data-elementor-type=\"wp-page\" data-elementor-id=\"35\" class=\"elementor elementor-35\">\n\t\t\t\t\t\t<section class=\"elementor-section elementor-top-section elementor-element elementor-element-79ca50c elementor-section-boxed elementor-section-height-default elementor-section-height-default\" data-id=\"79ca50c\" data-element_type=\"section\">\n\t\t\t\t\t\t<div class=\"elementor-container elementor-column-gap-default\">\n\t\t\t\t\t<div class=\"elementor-column elementor-col-100 elementor-top-column elementor-element elementor-element-186a597\" data-id=\"186a597\" data-element_type=\"column\">\n\t\t\t<div class=\"elementor-widget-wrap elementor-element-populated\">\n\t\t\t\t\t\t<div class=\"elementor-element elementor-element-33713e5 elementor-widget elementor-widget-vankine-title-v1\" data-id=\"33713e5\" data-element_type=\"widget\" data-widget_type=\"vankine-title-v1.default\">\n\t\t\t\t<div class=\"elementor-widget-container\">\n\t\t\t                    <div class=\"section_title type_one\">\r\n                            <h4 class=\"sm_title\"> Lembran\u00e7as e historias digitais <\/h4>\r\n                                        <div class=\"title_whole\">\r\n                                            <h2 class=\"title\"> Celebramos a vida e as realiza\u00e7\u00f5es dos nossos entes queridos  <\/h2>\r\n                                    <\/div>\r\n                                <\/div>\r\n            \r\n\r\n    \t\t<\/div>\n\t\t\t\t<\/div>\n\t\t\t\t\t<\/div>\n\t\t<\/div>\n\t\t\t\t\t<\/div>\n\t\t<\/section>\n\t\t\t\t<section class=\"elementor-section elementor-top-section elementor-element elementor-element-a929b16 elementor-section-boxed elementor-section-height-default elementor-section-height-default\" data-id=\"a929b16\" data-element_type=\"section\">\n\t\t\t\t\t\t<div class=\"elementor-container elementor-column-gap-default\">\n\t\t\t\t\t<div class=\"elementor-column elementor-col-100 elementor-top-column elementor-element elementor-element-7c6789f\" data-id=\"7c6789f\" data-element_type=\"column\">\n\t\t\t<div class=\"elementor-widget-wrap elementor-element-populated\">\n\t\t\t\t\t\t<div class=\"elementor-element elementor-element-09a8eb1 elementor-widget elementor-widget-vankine-portfoliofilt-v1\" data-id=\"09a8eb1\" data-element_type=\"widget\" data-widget_type=\"vankine-portfoliofilt-v1.default\">\n\t\t\t\t<div class=\"elementor-widget-container\">\n\t\t\t\r\n<section class=\"portfolio_v1 portfolio_tabs  ajax_protfolio_enabled \">\r\n            <div class=\"portfoliocontainer row\">\r\n            <\/div>\r\n\r\n    <div class=\"row\">\r\n        <div class=\"col-lg-12\">\r\n            <div class=\"pagination text-center\">\r\n                          \r\n            <\/div>\r\n        <\/div>\r\n    <\/div>\r\n    \r\n  \r\n\t\t\t\r\n<\/section>\r\n\r\n\t\t<\/div>\n\t\t\t\t<\/div>\n\t\t\t\t\t<\/div>\n\t\t<\/div>\n\t\t\t\t\t<\/div>\n\t\t<\/section>\n\t\t\t\t<\/div>\n\t\t","protected":false},"excerpt":{"rendered":"<p>Lembran\u00e7as e historias digitais Celebramos a vida e as realiza\u00e7\u00f5es dos nossos entes queridos view All Car Fire House Life Medical Travel Affordable Insurance Online survey Progressive Insurance Insurance coverage Classic\u00a0Insurance Hassle Free Claims Insurance benefit Insure Instantly Business strategy No Claim Bonus Rise of insurance Business Details Market Expansion Coaching Business Growth Business Policy [&hellip;]<\/p>\n","protected":false},"author":1,"featured_media":0,"parent":0,"menu_order":0,"comment_status":"closed","ping_status":"closed","template":"template-fullwidth.php","meta":{"footnotes":""},"class_list":["post-35","page","type-page","status-publish","hentry"],"_links":{"self":[{"href":"https:\/\/grupofenix.info\/index.php\/wp-json\/wp\/v2\/pages\/35","targetHints":{"allow":["GET"]}}],"collection":[{"href":"https:\/\/grupofenix.info\/index.php\/wp-json\/wp\/v2\/pages"}],"about":[{"href":"https:\/\/grupofenix.info\/index.php\/wp-json\/wp\/v2\/types\/page"}],"author":[{"embeddable":true,"href":"https:\/\/grupofenix.info\/index.php\/wp-json\/wp\/v2\/users\/1"}],"replies":[{"embeddable":true,"href":"https:\/\/grupofenix.info\/index.php\/wp-json\/wp\/v2\/comments?post=35"}],"version-history":[{"count":15,"href":"https:\/\/grupofenix.info\/index.php\/wp-json\/wp\/v2\/pages\/35\/revisions"}],"predecessor-version":[{"id":5047,"href":"https:\/\/grupofenix.info\/index.php\/wp-json\/wp\/v2\/pages\/35\/revisions\/5047"}],"wp:attachment":[{"href":"https:\/\/grupofenix.info\/index.php\/wp-json\/wp\/v2\/media?parent=35"}],"curies":[{"name":"wp","href":"https:\/\/api.w.org\/{rel}","templated":true}]}}